{"id":2,"date":"2016-05-10T03:48:21","date_gmt":"2016-05-10T03:48:21","guid":{"rendered":"http:\/\/wp452m.a10-52-158-154.qa.plesk.ru\/wordpress\/?page_id=2"},"modified":"2025-05-01T20:11:15","modified_gmt":"2025-05-01T18:11:15","slug":"sample-page","status":"publish","type":"page","link":"https:\/\/www.tecnoplagas21.es\/blog\/sample-page\/","title":{"rendered":"Qui\u00e9nes Somos"},"content":{"rendered":"\t\t<div data-elementor-type=\"wp-page\" data-elementor-id=\"2\" class=\"elementor elementor-2\" data-elementor-post-type=\"page\">\n\t\t\t\t<div class=\"elementor-element elementor-element-5cca82fa e-flex e-con-boxed e-con e-parent\" data-id=\"5cca82fa\" data-element_type=\"container\">\n\t\t\t\t\t<div class=\"e-con-inner\">\n\t\t\t\t<div class=\"elementor-element elementor-element-2bf8b655 elementor-widget elementor-widget-text-editor\" data-id=\"2bf8b655\" data-element_type=\"widget\" data-widget_type=\"text-editor.default\">\n\t\t\t\t<div class=\"elementor-widget-container\">\n\t\t\t\t\t\t\t\t\t<p><img fetchpriority=\"high\" decoding=\"async\" class=\"aligncenter size-full wp-image-270\" src=\"https:\/\/www.tecnoplagas21.es\/blog\/wp-content\/uploads\/2017\/02\/LOGO_TECNO-2.png\" alt=\"\" width=\"3668\" height=\"626\" \/><\/p><p><strong><span style=\"color: #333399;\">\u00a0 \u00a0 \u00a0 \u00a0 <span style=\"color: #3366ff;\"><a style=\"color: #3366ff;\" href=\"http:\/\/www.tecnoplagas21.es\/\">Tecnoplagas XXI<\/a><\/span><\/span><span style=\"color: #3878b0;\"><span style=\"color: #3366ff;\">\u00a0<\/span> <\/span><\/strong><strong>desde el a\u00f1o 2001 desarrolla programas de seguimiento y control espec\u00edficos para el control de plagas, para la prevenci\u00f3n y control de la Legionella, y para tratamientos fitosanitarios en el \u00e1mbito Nacional. <\/strong><\/p><p style=\"text-align: left;\"><span style=\"color: #333399;\"><strong>\u00a0 \u00a0 \u00a0<span style=\"color: #3366ff;\"> \u00a0 <a style=\"color: #3366ff;\" href=\"http:\/\/www.tecnoplagas21.es\/\">Tecnoplagas XXI<\/a><\/span><\/strong><\/span> cumple con la norma<a href=\"http:\/\/www.aenor.es\/aenor\/normas\/normas\/fichanorma.asp?tipo=N&amp;codigo=N0055762#.WKQm1NLhCUk\"><span style=\"color: #3366ff;\"> <strong>UNE EN 16636:2015<\/strong> <\/span><\/a>Servicios de gesti\u00f3n de plagas. La cual especifica los requisitos y las competencias que los proveedores profesionales de servicios de gesti\u00f3n de plagas deben cumplir para proteger la salud p\u00fablica, los bienes y el medio ambiente. Esta norma es de aplicaci\u00f3n para todos aquellos que son responsables de la prestaci\u00f3n de servicios de gesti\u00f3n de plagas, incluye la evaluaci\u00f3n, la recomendaci\u00f3n y la ejecuci\u00f3n posterior de los procedimientos de control y de prevenci\u00f3n definidos.<\/p><p style=\"text-align: left;\"><strong>\u00a0 \u00a0 \u00a0 \u00a0 <\/strong>Como empresa de \u00faltima generaci\u00f3n quiere fomentar el control de plagas sin descuidar el medio ambiente y por encima de todo extremando la seguridad en el hombre. Utilizaremos principios de control integrados para controlar las plagas limitando el impacto sobre el medio ambiente y la salud p\u00fablica, para ello combinaremos de forma conjunta y coordinada las siguientes premisas:<\/p><ul style=\"text-align: left;\"><li>Reconocer el tipo de plaga.<\/li><li>Conocer su distribuci\u00f3n espacial y estimar su densidad.<\/li><li>Conocer su ciclo biol\u00f3gico y comportamiento.<\/li><li>Evaluar su incidencia.<\/li><li>Colocaci\u00f3n de sistemas de seguimiento (monitoring).<\/li><li>Utilizaci\u00f3n prioritaria de m\u00e9todos de control biol\u00f3gico.<\/li><li>Elecci\u00f3n de un plaguicida selectivo y espec\u00edfico.<\/li><li>Elecci\u00f3n de la t\u00e9cnica de aplicaci\u00f3n m\u00e1s id\u00f3nea.<\/li><li>Considerar los trabajos de limpieza, higiene y saneamiento del medio.<\/li><li>Realizar los tratamientos en las etapas en los momentos y lugares donde el organismo plaga es m\u00e1s sensible.<\/li><\/ul><p style=\"text-align: left;\"><strong>\u00a0 \u00a0 \u00a0 \u00a0 <\/strong>Toda \u00e9sta din\u00e1mica de trabajo sumada a un trato personal, humano e individualizado ha conseguido depositar en nuestros clientes una gran confianza. Contando con un personal altamente cualificado y experimentado.<\/p><p style=\"text-align: left;\"><strong>\u00a0 \u00a0 \u00a0 \u00a0 <\/strong>Los tratamientos en los que est\u00e1 especializado<span style=\"color: #3366ff;\"><a style=\"color: #3366ff;\" href=\"http:\/\/www.tecnoplagas21.es\/\"> <strong>Tecnoplagas XXI<\/strong> <\/a><\/span>son:<\/p><p><a href=\"http:\/\/www.tecnoplagas21.es\/\"><img decoding=\"async\" class=\"aligncenter size-full wp-image-234\" src=\"https:\/\/www.tecnoplagas21.es\/blog\/wp-content\/uploads\/2016\/05\/TECNOPLAGAS_CICLO2-1.png\" alt=\"\" width=\"956\" height=\"878\" srcset=\"https:\/\/www.tecnoplagas21.es\/blog\/wp-content\/uploads\/2016\/05\/TECNOPLAGAS_CICLO2-1.png 956w, https:\/\/www.tecnoplagas21.es\/blog\/wp-content\/uploads\/2016\/05\/TECNOPLAGAS_CICLO2-1-300x276.png 300w, https:\/\/www.tecnoplagas21.es\/blog\/wp-content\/uploads\/2016\/05\/TECNOPLAGAS_CICLO2-1-768x705.png 768w\" sizes=\"(max-width: 956px) 100vw, 956px\" \/><\/a><\/p><p>\u00a0<\/p><h4><span style=\"color: #3366ff;\">REGISTROS Y ACREDITACIONES<\/span><strong>\u00a0<\/strong><\/h4><ul><li><strong>Registro Oficial de Biocidas: <\/strong>0028A50- 5AA &#8211; 0028A50-5LG &#8211; 0028A50- 3AL para realizaci\u00f3n de tratamientos de Desinsectaci\u00f3n, Desratizaci\u00f3n, Desinfecci\u00f3n, Control de Legionella, Termita y Carcoma. E<strong>stos registros son v\u00e1lidos para realizar trabajos en todo el \u00e1mbito nacional.<\/strong><\/li><li><strong>Registro Oficial de Establecimientos y servicios plaguicidas: <\/strong>Z-0214-S (Fitosanitario).<\/li><li><strong>Registro Oficial de Biocidas Castilla y Le\u00f3n:<\/strong> 10-0788-S.<\/li><li><strong>Certificados<\/strong> seg\u00fan <strong>Norma de Calidad UNE EN ISO 9001:2008 <\/strong>y seg\u00fan<strong> Norma de Medio Ambiente UNE EN ISO 14001:2004.<\/strong><\/li><li><strong>Cumple con la Norma UNE-EN 16636:2015 para Servicios de Gesti\u00f3n de Plagas.<\/strong><\/li><li><strong>Registro de empresas acreditadas <\/strong>sector de la construcci\u00f3n (ley 32\/2006, de 18 de octubre). <strong>N\u00ba Inscripci\u00f3n REA 02\/50\/0003945.<\/strong><\/li><li><strong>Registro Oficial de Licitadores y empresas clasificadas del Estado. <\/strong><\/li><li><strong>Certificado<\/strong> utilizaci\u00f3n de productos <strong>ecodise\u00f1o <\/strong>para la realizaci\u00f3n de tratamientos.<\/li><li>Los tratamientos ser\u00e1n realizados por <strong>personal cualificado<\/strong> acreditados con el correspondiente carnet.<\/li><li>Registro de <strong>Peque\u00f1o Productor de Residuos Peligrosos<\/strong>.<\/li><li>Miembro de la Asociaci\u00f3n Espa\u00f1ola de Control de Plagas <strong>(ANECPLA).<\/strong><\/li><li>Tecnoplagas XXI cuenta con un <strong>seguro de Responsabilidad Civil.<\/strong><\/li><li>Tecnoplagas XXI cumple la normativa vigente en <strong>Prevenci\u00f3n de Riesgos Laborales.<\/strong><\/li><li><strong>Cumple con la Ley Org\u00e1nica 15\/1999 <\/strong>de 13 de diciembre, de <strong>Protecci\u00f3n de Datos.<\/strong><\/li><\/ul><h4><span style=\"color: #3366ff;\">INSTALACIONES EN LAS QUE SE TRABAJA<\/span><strong>\u00a0<\/strong><\/h4><table><tbody><tr><td width=\"288\"><p>\u00b7\u00a0\u00a0\u00a0\u00a0\u00a0\u00a0 Naves Industriales.<\/p><p>\u00b7\u00a0\u00a0\u00a0\u00a0\u00a0\u00a0 Ayuntamientos.<\/p><p>\u00b7\u00a0\u00a0\u00a0\u00a0\u00a0\u00a0 Centros Comerciales.<\/p><p>\u00b7\u00a0\u00a0\u00a0\u00a0\u00a0\u00a0 Hospitales.<\/p><p>\u00b7\u00a0\u00a0\u00a0\u00a0\u00a0\u00a0 Cl\u00ednicas.<\/p><p>\u00b7\u00a0\u00a0\u00a0\u00a0\u00a0\u00a0 Residencias Geri\u00e1tricas.<\/p><p>\u00b7\u00a0\u00a0\u00a0\u00a0\u00a0\u00a0 Hoteles.<\/p><p>\u00b7\u00a0\u00a0\u00a0\u00a0\u00a0\u00a0 Hosteler\u00eda.<\/p><\/td><td width=\"288\"><p>\u00b7\u00a0\u00a0\u00a0\u00a0\u00a0\u00a0 Centros de Educaci\u00f3n.<\/p><p>\u00b7\u00a0\u00a0\u00a0\u00a0\u00a0\u00a0 Centros Deportivos.<\/p><p>\u00b7\u00a0\u00a0\u00a0\u00a0\u00a0\u00a0 Centrales El\u00e9ctricas.<\/p><p>\u00b7\u00a0\u00a0\u00a0\u00a0\u00a0\u00a0 Parques E\u00f3licos.<\/p><p>\u00b7\u00a0\u00a0\u00a0\u00a0\u00a0\u00a0 Comunidades de Vecinos.<\/p><p>\u00b7\u00a0\u00a0\u00a0\u00a0\u00a0\u00a0 Oficinas.<\/p><p>\u00b7\u00a0\u00a0\u00a0\u00a0\u00a0\u00a0 Bodegas.<\/p><\/td><\/tr><\/tbody><\/table><p>\u00a0<\/p><p><img decoding=\"async\" class=\" wp-image-199\" src=\"https:\/\/www.tecnoplagas21.es\/blog\/wp-content\/uploads\/2016\/05\/BODEGA.jpg\" alt=\"\" width=\"307\" height=\"230\" srcset=\"https:\/\/www.tecnoplagas21.es\/blog\/wp-content\/uploads\/2016\/05\/BODEGA.jpg 2048w, https:\/\/www.tecnoplagas21.es\/blog\/wp-content\/uploads\/2016\/05\/BODEGA-300x225.jpg 300w, https:\/\/www.tecnoplagas21.es\/blog\/wp-content\/uploads\/2016\/05\/BODEGA-768x576.jpg 768w, https:\/\/www.tecnoplagas21.es\/blog\/wp-content\/uploads\/2016\/05\/BODEGA-1024x768.jpg 1024w\" sizes=\"(max-width: 307px) 100vw, 307px\" \/>\u00a0<img loading=\"lazy\" decoding=\"async\" class=\"wp-image-200 alignnone\" src=\"https:\/\/www.tecnoplagas21.es\/blog\/wp-content\/uploads\/2016\/05\/HOSPITAL.jpg\" alt=\"\" width=\"409\" height=\"231\" srcset=\"https:\/\/www.tecnoplagas21.es\/blog\/wp-content\/uploads\/2016\/05\/HOSPITAL.jpg 1280w, https:\/\/www.tecnoplagas21.es\/blog\/wp-content\/uploads\/2016\/05\/HOSPITAL-300x169.jpg 300w, https:\/\/www.tecnoplagas21.es\/blog\/wp-content\/uploads\/2016\/05\/HOSPITAL-768x432.jpg 768w, https:\/\/www.tecnoplagas21.es\/blog\/wp-content\/uploads\/2016\/05\/HOSPITAL-1024x576.jpg 1024w\" sizes=\"(max-width: 409px) 100vw, 409px\" \/><\/p><p><img loading=\"lazy\" decoding=\"async\" class=\" wp-image-201 alignnone\" src=\"https:\/\/www.tecnoplagas21.es\/blog\/wp-content\/uploads\/2016\/05\/NAVE-INDUSTRIAL.jpg\" alt=\"\" width=\"440\" height=\"166\" srcset=\"https:\/\/www.tecnoplagas21.es\/blog\/wp-content\/uploads\/2016\/05\/NAVE-INDUSTRIAL.jpg 800w, https:\/\/www.tecnoplagas21.es\/blog\/wp-content\/uploads\/2016\/05\/NAVE-INDUSTRIAL-300x114.jpg 300w, https:\/\/www.tecnoplagas21.es\/blog\/wp-content\/uploads\/2016\/05\/NAVE-INDUSTRIAL-768x291.jpg 768w\" sizes=\"(max-width: 440px) 100vw, 440px\" \/>\u00a0<strong><img loading=\"lazy\" decoding=\"async\" class=\" wp-image-202 alignnone\" src=\"https:\/\/www.tecnoplagas21.es\/blog\/wp-content\/uploads\/2016\/05\/URBANIZACIONES.jpg\" alt=\"\" width=\"250\" height=\"166\" srcset=\"https:\/\/www.tecnoplagas21.es\/blog\/wp-content\/uploads\/2016\/05\/URBANIZACIONES.jpg 1280w, https:\/\/www.tecnoplagas21.es\/blog\/wp-content\/uploads\/2016\/05\/URBANIZACIONES-300x199.jpg 300w, https:\/\/www.tecnoplagas21.es\/blog\/wp-content\/uploads\/2016\/05\/URBANIZACIONES-768x510.jpg 768w, https:\/\/www.tecnoplagas21.es\/blog\/wp-content\/uploads\/2016\/05\/URBANIZACIONES-1024x680.jpg 1024w\" sizes=\"(max-width: 250px) 100vw, 250px\" \/><br \/><\/strong><\/p><p>\u00a0<\/p><p>\u00a0<\/p><h6 style=\"text-align: center;\"><a href=\"https:\/\/www.google.es\/maps\/place\/Tecnoplagas+XXI+SL\/@41.6560083,-0.9110483,17z\/data=!4m5!3m4!1s0xd596b366d8681f7:0x37b2f7a86bd62915!8m2!3d41.6559603!4d-0.9109252?hl=es\"><span style=\"color: #0000ff;\"><strong>Avda. de Navarra 99, Local 1 &#8211;\u00a0<\/strong><strong>50017 Zaragoza <\/strong><\/span><\/a><\/h6>\t\t\t\t\t\t\t\t<\/div>\n\t\t\t\t<\/div>\n\t\t\t\t\t<\/div>\n\t\t\t\t<\/div>\n\t\t\t\t<\/div>\n\t\t","protected":false},"excerpt":{"rendered":"<p>\u00a0 \u00a0 \u00a0 \u00a0 Tecnoplagas XXI\u00a0 desde el a\u00f1o 2001 desarrolla programas de seguimiento y control espec\u00edficos para el control [&hellip;]<\/p>\n","protected":false},"author":1,"featured_media":0,"parent":0,"menu_order":0,"comment_status":"closed","ping_status":"closed","template":"","meta":{"site-sidebar-layout":"default","site-content-layout":"","ast-site-content-layout":"default","site-content-style":"default","site-sidebar-style":"default","ast-global-header-display":"","ast-banner-title-visibility":"","ast-main-header-display":"","ast-hfb-above-header-display":"","ast-hfb-below-header-display":"","ast-hfb-mobile-header-display":"","site-post-title":"","ast-breadcrumbs-content":"","ast-featured-img":"","footer-sml-layout":"","theme-transparent-header-meta":"","adv-header-id-meta":"","stick-header-meta":"","header-above-stick-meta":"","header-main-stick-meta":"","header-below-stick-meta":"","astra-migrate-meta-layouts":"default","ast-page-background-enabled":"default","ast-page-background-meta":{"desktop":{"background-color":"var(--ast-global-color-5)","background-image":"","background-repeat":"repeat","background-position":"center center","background-size":"auto","background-attachment":"scroll","background-type":"","background-media":"","overlay-type":"","overlay-color":"","overlay-opacity":"","overlay-gradient":""},"tablet":{"background-color":"","background-image":"","background-repeat":"repeat","background-position":"center center","background-size":"auto","background-attachment":"scroll","background-type":"","background-media":"","overlay-type":"","overlay-color":"","overlay-opacity":"","overlay-gradient":""},"mobile":{"background-color":"","background-image":"","background-repeat":"repeat","background-position":"center center","background-size":"auto","background-attachment":"scroll","background-type":"","background-media":"","overlay-type":"","overlay-color":"","overlay-opacity":"","overlay-gradient":""}},"ast-content-background-meta":{"desktop":{"background-color":"var(--ast-global-color-4)","background-image":"","background-repeat":"repeat","background-position":"center center","background-size":"auto","background-attachment":"scroll","background-type":"","background-media":"","overlay-type":"","overlay-color":"","overlay-opacity":"","overlay-gradient":""},"tablet":{"background-color":"var(--ast-global-color-4)","background-image":"","background-repeat":"repeat","background-position":"center center","background-size":"auto","background-attachment":"scroll","background-type":"","background-media":"","overlay-type":"","overlay-color":"","overlay-opacity":"","overlay-gradient":""},"mobile":{"background-color":"var(--ast-global-color-4)","background-image":"","background-repeat":"repeat","background-position":"center center","background-size":"auto","background-attachment":"scroll","background-type":"","background-media":"","overlay-type":"","overlay-color":"","overlay-opacity":"","overlay-gradient":""}},"footnotes":""},"class_list":["post-2","page","type-page","status-publish","hentry"],"yoast_head":"<!-- This site is optimized with the Yoast SEO plugin v26.1.1 - https:\/\/yoast.com\/wordpress\/plugins\/seo\/ -->\n<title>Qui\u00e9nes Somos - Tecnoplagas XXI<\/title>\n<meta name=\"robots\" content=\"index, follow, max-snippet:-1, max-image-preview:large, max-video-preview:-1\" \/>\n<link rel=\"canonical\" href=\"https:\/\/www.tecnoplagas21.es\/blog\/sample-page\/\" \/>\n<meta property=\"og:locale\" content=\"es_ES\" \/>\n<meta property=\"og:type\" content=\"article\" \/>\n<meta property=\"og:title\" content=\"Qui\u00e9nes Somos - Tecnoplagas XXI\" \/>\n<meta property=\"og:description\" content=\"\u00a0 \u00a0 \u00a0 \u00a0 Tecnoplagas XXI\u00a0 desde el a\u00f1o 2001 desarrolla programas de seguimiento y control espec\u00edficos para el control [&hellip;]\" \/>\n<meta property=\"og:url\" content=\"https:\/\/www.tecnoplagas21.es\/blog\/sample-page\/\" \/>\n<meta property=\"og:site_name\" content=\"Tecnoplagas XXI\" \/>\n<meta property=\"article:modified_time\" content=\"2025-05-01T18:11:15+00:00\" \/>\n<meta property=\"og:image\" content=\"https:\/\/www.tecnoplagas21.es\/blog\/wp-content\/uploads\/2017\/02\/LOGO_TECNO-2-scaled.png\" \/>\n\t<meta property=\"og:image:width\" content=\"2560\" \/>\n\t<meta property=\"og:image:height\" content=\"437\" \/>\n\t<meta property=\"og:image:type\" content=\"image\/png\" \/>\n<meta name=\"twitter:card\" content=\"summary_large_image\" \/>\n<meta name=\"twitter:label1\" content=\"Tiempo de lectura\" \/>\n\t<meta name=\"twitter:data1\" content=\"4 minutos\" \/>\n<script type=\"application\/ld+json\" class=\"yoast-schema-graph\">{\"@context\":\"https:\/\/schema.org\",\"@graph\":[{\"@type\":\"WebPage\",\"@id\":\"https:\/\/www.tecnoplagas21.es\/blog\/sample-page\/\",\"url\":\"https:\/\/www.tecnoplagas21.es\/blog\/sample-page\/\",\"name\":\"Qui\u00e9nes Somos - Tecnoplagas XXI\",\"isPartOf\":{\"@id\":\"https:\/\/www.tecnoplagas21.es\/blog\/#website\"},\"primaryImageOfPage\":{\"@id\":\"https:\/\/www.tecnoplagas21.es\/blog\/sample-page\/#primaryimage\"},\"image\":{\"@id\":\"https:\/\/www.tecnoplagas21.es\/blog\/sample-page\/#primaryimage\"},\"thumbnailUrl\":\"https:\/\/www.tecnoplagas21.es\/blog\/wp-content\/uploads\/2017\/02\/LOGO_TECNO-2.png\",\"datePublished\":\"2016-05-10T03:48:21+00:00\",\"dateModified\":\"2025-05-01T18:11:15+00:00\",\"breadcrumb\":{\"@id\":\"https:\/\/www.tecnoplagas21.es\/blog\/sample-page\/#breadcrumb\"},\"inLanguage\":\"es\",\"potentialAction\":[{\"@type\":\"ReadAction\",\"target\":[\"https:\/\/www.tecnoplagas21.es\/blog\/sample-page\/\"]}]},{\"@type\":\"ImageObject\",\"inLanguage\":\"es\",\"@id\":\"https:\/\/www.tecnoplagas21.es\/blog\/sample-page\/#primaryimage\",\"url\":\"https:\/\/www.tecnoplagas21.es\/blog\/wp-content\/uploads\/2017\/02\/LOGO_TECNO-2-scaled.png\",\"contentUrl\":\"https:\/\/www.tecnoplagas21.es\/blog\/wp-content\/uploads\/2017\/02\/LOGO_TECNO-2-scaled.png\",\"width\":2560,\"height\":437},{\"@type\":\"BreadcrumbList\",\"@id\":\"https:\/\/www.tecnoplagas21.es\/blog\/sample-page\/#breadcrumb\",\"itemListElement\":[{\"@type\":\"ListItem\",\"position\":1,\"name\":\"Portada\",\"item\":\"https:\/\/www.tecnoplagas21.es\/blog\/\"},{\"@type\":\"ListItem\",\"position\":2,\"name\":\"Qui\u00e9nes Somos\"}]},{\"@type\":\"WebSite\",\"@id\":\"https:\/\/www.tecnoplagas21.es\/blog\/#website\",\"url\":\"https:\/\/www.tecnoplagas21.es\/blog\/\",\"name\":\"Tecnoplagas XXI\",\"description\":\"Empresa de Control de Plagas\",\"publisher\":{\"@id\":\"https:\/\/www.tecnoplagas21.es\/blog\/#organization\"},\"potentialAction\":[{\"@type\":\"SearchAction\",\"target\":{\"@type\":\"EntryPoint\",\"urlTemplate\":\"https:\/\/www.tecnoplagas21.es\/blog\/?s={search_term_string}\"},\"query-input\":{\"@type\":\"PropertyValueSpecification\",\"valueRequired\":true,\"valueName\":\"search_term_string\"}}],\"inLanguage\":\"es\"},{\"@type\":\"Organization\",\"@id\":\"https:\/\/www.tecnoplagas21.es\/blog\/#organization\",\"name\":\"Tecnoplagas XXI\",\"url\":\"https:\/\/www.tecnoplagas21.es\/blog\/\",\"logo\":{\"@type\":\"ImageObject\",\"inLanguage\":\"es\",\"@id\":\"https:\/\/www.tecnoplagas21.es\/blog\/#\/schema\/logo\/image\/\",\"url\":\"https:\/\/www.tecnoplagas21.es\/blog\/wp-content\/uploads\/2025\/04\/tecnoplagas-LOGO.png\",\"contentUrl\":\"https:\/\/www.tecnoplagas21.es\/blog\/wp-content\/uploads\/2025\/04\/tecnoplagas-LOGO.png\",\"width\":637,\"height\":157,\"caption\":\"Tecnoplagas XXI\"},\"image\":{\"@id\":\"https:\/\/www.tecnoplagas21.es\/blog\/#\/schema\/logo\/image\/\"}}]}<\/script>\n<!-- \/ Yoast SEO plugin. -->","yoast_head_json":{"title":"Qui\u00e9nes Somos - Tecnoplagas XXI","robots":{"index":"index","follow":"follow","max-snippet":"max-snippet:-1","max-image-preview":"max-image-preview:large","max-video-preview":"max-video-preview:-1"},"canonical":"https:\/\/www.tecnoplagas21.es\/blog\/sample-page\/","og_locale":"es_ES","og_type":"article","og_title":"Qui\u00e9nes Somos - Tecnoplagas XXI","og_description":"\u00a0 \u00a0 \u00a0 \u00a0 Tecnoplagas XXI\u00a0 desde el a\u00f1o 2001 desarrolla programas de seguimiento y control espec\u00edficos para el control [&hellip;]","og_url":"https:\/\/www.tecnoplagas21.es\/blog\/sample-page\/","og_site_name":"Tecnoplagas XXI","article_modified_time":"2025-05-01T18:11:15+00:00","og_image":[{"width":2560,"height":437,"url":"https:\/\/www.tecnoplagas21.es\/blog\/wp-content\/uploads\/2017\/02\/LOGO_TECNO-2-scaled.png","type":"image\/png"}],"twitter_card":"summary_large_image","twitter_misc":{"Tiempo de lectura":"4 minutos"},"schema":{"@context":"https:\/\/schema.org","@graph":[{"@type":"WebPage","@id":"https:\/\/www.tecnoplagas21.es\/blog\/sample-page\/","url":"https:\/\/www.tecnoplagas21.es\/blog\/sample-page\/","name":"Qui\u00e9nes Somos - Tecnoplagas XXI","isPartOf":{"@id":"https:\/\/www.tecnoplagas21.es\/blog\/#website"},"primaryImageOfPage":{"@id":"https:\/\/www.tecnoplagas21.es\/blog\/sample-page\/#primaryimage"},"image":{"@id":"https:\/\/www.tecnoplagas21.es\/blog\/sample-page\/#primaryimage"},"thumbnailUrl":"https:\/\/www.tecnoplagas21.es\/blog\/wp-content\/uploads\/2017\/02\/LOGO_TECNO-2.png","datePublished":"2016-05-10T03:48:21+00:00","dateModified":"2025-05-01T18:11:15+00:00","breadcrumb":{"@id":"https:\/\/www.tecnoplagas21.es\/blog\/sample-page\/#breadcrumb"},"inLanguage":"es","potentialAction":[{"@type":"ReadAction","target":["https:\/\/www.tecnoplagas21.es\/blog\/sample-page\/"]}]},{"@type":"ImageObject","inLanguage":"es","@id":"https:\/\/www.tecnoplagas21.es\/blog\/sample-page\/#primaryimage","url":"https:\/\/www.tecnoplagas21.es\/blog\/wp-content\/uploads\/2017\/02\/LOGO_TECNO-2-scaled.png","contentUrl":"https:\/\/www.tecnoplagas21.es\/blog\/wp-content\/uploads\/2017\/02\/LOGO_TECNO-2-scaled.png","width":2560,"height":437},{"@type":"BreadcrumbList","@id":"https:\/\/www.tecnoplagas21.es\/blog\/sample-page\/#breadcrumb","itemListElement":[{"@type":"ListItem","position":1,"name":"Portada","item":"https:\/\/www.tecnoplagas21.es\/blog\/"},{"@type":"ListItem","position":2,"name":"Qui\u00e9nes Somos"}]},{"@type":"WebSite","@id":"https:\/\/www.tecnoplagas21.es\/blog\/#website","url":"https:\/\/www.tecnoplagas21.es\/blog\/","name":"Tecnoplagas XXI","description":"Empresa de Control de Plagas","publisher":{"@id":"https:\/\/www.tecnoplagas21.es\/blog\/#organization"},"potentialAction":[{"@type":"SearchAction","target":{"@type":"EntryPoint","urlTemplate":"https:\/\/www.tecnoplagas21.es\/blog\/?s={search_term_string}"},"query-input":{"@type":"PropertyValueSpecification","valueRequired":true,"valueName":"search_term_string"}}],"inLanguage":"es"},{"@type":"Organization","@id":"https:\/\/www.tecnoplagas21.es\/blog\/#organization","name":"Tecnoplagas XXI","url":"https:\/\/www.tecnoplagas21.es\/blog\/","logo":{"@type":"ImageObject","inLanguage":"es","@id":"https:\/\/www.tecnoplagas21.es\/blog\/#\/schema\/logo\/image\/","url":"https:\/\/www.tecnoplagas21.es\/blog\/wp-content\/uploads\/2025\/04\/tecnoplagas-LOGO.png","contentUrl":"https:\/\/www.tecnoplagas21.es\/blog\/wp-content\/uploads\/2025\/04\/tecnoplagas-LOGO.png","width":637,"height":157,"caption":"Tecnoplagas XXI"},"image":{"@id":"https:\/\/www.tecnoplagas21.es\/blog\/#\/schema\/logo\/image\/"}}]}},"_links":{"self":[{"href":"https:\/\/www.tecnoplagas21.es\/blog\/wp-json\/wp\/v2\/pages\/2","targetHints":{"allow":["GET"]}}],"collection":[{"href":"https:\/\/www.tecnoplagas21.es\/blog\/wp-json\/wp\/v2\/pages"}],"about":[{"href":"https:\/\/www.tecnoplagas21.es\/blog\/wp-json\/wp\/v2\/types\/page"}],"author":[{"embeddable":true,"href":"https:\/\/www.tecnoplagas21.es\/blog\/wp-json\/wp\/v2\/users\/1"}],"replies":[{"embeddable":true,"href":"https:\/\/www.tecnoplagas21.es\/blog\/wp-json\/wp\/v2\/comments?post=2"}],"version-history":[{"count":25,"href":"https:\/\/www.tecnoplagas21.es\/blog\/wp-json\/wp\/v2\/pages\/2\/revisions"}],"predecessor-version":[{"id":655,"href":"https:\/\/www.tecnoplagas21.es\/blog\/wp-json\/wp\/v2\/pages\/2\/revisions\/655"}],"wp:attachment":[{"href":"https:\/\/www.tecnoplagas21.es\/blog\/wp-json\/wp\/v2\/media?parent=2"}],"curies":[{"name":"wp","href":"https:\/\/api.w.org\/{rel}","templated":true}]}}