{"id":572,"date":"2025-05-01T18:52:24","date_gmt":"2025-05-01T16:52:24","guid":{"rendered":"https:\/\/www.tecnoplagas21.es\/blog\/?page_id=572"},"modified":"2025-05-01T19:02:47","modified_gmt":"2025-05-01T17:02:47","slug":"legionella-2","status":"publish","type":"page","link":"https:\/\/www.tecnoplagas21.es\/blog\/legionella-2\/","title":{"rendered":"Legionella"},"content":{"rendered":"\t\t<div data-elementor-type=\"wp-page\" data-elementor-id=\"572\" class=\"elementor elementor-572\" data-elementor-post-type=\"page\">\n\t\t\t\t<div class=\"elementor-element elementor-element-6e29e78 e-flex e-con-boxed e-con e-parent\" data-id=\"6e29e78\" data-element_type=\"container\">\n\t\t\t\t\t<div class=\"e-con-inner\">\n\t\t\t\t<div class=\"elementor-element elementor-element-6e40f7b elementor-widget elementor-widget-heading\" data-id=\"6e40f7b\" data-element_type=\"widget\" data-widget_type=\"heading.default\">\n\t\t\t\t<div class=\"elementor-widget-container\">\n\t\t\t\t\t<h2 class=\"elementor-heading-title elementor-size-default\">Legionella<\/h2>\t\t\t\t<\/div>\n\t\t\t\t<\/div>\n\t\t\t\t\t<\/div>\n\t\t\t\t<\/div>\n\t\t<div class=\"elementor-element elementor-element-ef2dfd1 e-flex e-con-boxed e-con e-parent\" data-id=\"ef2dfd1\" data-element_type=\"container\">\n\t\t\t\t\t<div class=\"e-con-inner\">\n\t\t<div class=\"elementor-element elementor-element-c8456c9 e-con-full e-flex e-con e-child\" data-id=\"c8456c9\" data-element_type=\"container\">\n\t\t\t\t<div class=\"elementor-element elementor-element-8274f95 elementor-widget elementor-widget-image\" data-id=\"8274f95\" data-element_type=\"widget\" data-widget_type=\"image.default\">\n\t\t\t\t<div class=\"elementor-widget-container\">\n\t\t\t\t\t\t\t\t\t\t\t\t\t\t\t<img fetchpriority=\"high\" decoding=\"async\" width=\"640\" height=\"427\" src=\"https:\/\/www.tecnoplagas21.es\/blog\/wp-content\/uploads\/2025\/05\/legionella1.jpg\" class=\"attachment-large size-large wp-image-574\" alt=\"\" srcset=\"https:\/\/www.tecnoplagas21.es\/blog\/wp-content\/uploads\/2025\/05\/legionella1.jpg 640w, https:\/\/www.tecnoplagas21.es\/blog\/wp-content\/uploads\/2025\/05\/legionella1-300x200.jpg 300w\" sizes=\"(max-width: 640px) 100vw, 640px\" \/>\t\t\t\t\t\t\t\t\t\t\t\t\t\t\t<\/div>\n\t\t\t\t<\/div>\n\t\t\t\t<\/div>\n\t\t<div class=\"elementor-element elementor-element-38b9483 e-con-full e-flex e-con e-child\" data-id=\"38b9483\" data-element_type=\"container\">\n\t\t\t\t<div class=\"elementor-element elementor-element-c1e8bec elementor-widget elementor-widget-text-editor\" data-id=\"c1e8bec\" data-element_type=\"widget\" data-widget_type=\"text-editor.default\">\n\t\t\t\t<div class=\"elementor-widget-container\">\n\t\t\t\t\t\t\t\t\t<p><strong>La legionella es una neumon\u00eda at\u00edpica producida por la bacteria legionella pneumophilia<\/strong>. Este microorganismo, desarrollado en r\u00edos y lagos, puede colonizar los sistemas de conducci\u00f3n dom\u00e9sticos e industriales.<\/p><p>Si alcanza un n\u00famero suficiente de microorganismos produce:<\/p><p>1.\u00a0<strong>Enfermedad del Legionario<\/strong>: Infecci\u00f3n pulmonar con fiebres altas.<\/p><p>2.\u00a0<strong>Fiebre de Pontiac<\/strong>: Estado febril agudo.<\/p><p><strong>El tratamiento de legionella previene o elimina la aparici\u00f3n de la misma.<\/strong><\/p>\t\t\t\t\t\t\t\t<\/div>\n\t\t\t\t<\/div>\n\t\t\t\t<\/div>\n\t\t\t\t\t<\/div>\n\t\t\t\t<\/div>\n\t\t<div class=\"elementor-element elementor-element-7b98269 e-flex e-con-boxed e-con e-parent\" data-id=\"7b98269\" data-element_type=\"container\">\n\t\t\t\t\t<div class=\"e-con-inner\">\n\t\t\t\t<div class=\"elementor-element elementor-element-24eb863 elementor-widget elementor-widget-heading\" data-id=\"24eb863\" data-element_type=\"widget\" data-widget_type=\"heading.default\">\n\t\t\t\t<div class=\"elementor-widget-container\">\n\t\t\t\t\t<h2 class=\"elementor-heading-title elementor-size-default\">CUMPLIENDO LA NORMATIVA<\/h2>\t\t\t\t<\/div>\n\t\t\t\t<\/div>\n\t\t\t\t\t<\/div>\n\t\t\t\t<\/div>\n\t\t<div class=\"elementor-element elementor-element-2ef8eae e-flex e-con-boxed e-con e-parent\" data-id=\"2ef8eae\" data-element_type=\"container\">\n\t\t\t\t\t<div class=\"e-con-inner\">\n\t\t<div class=\"elementor-element elementor-element-71b7250 e-con-full e-flex e-con e-child\" data-id=\"71b7250\" data-element_type=\"container\">\n\t\t\t\t<div class=\"elementor-element elementor-element-a2f4d64 elementor-widget elementor-widget-text-editor\" data-id=\"a2f4d64\" data-element_type=\"widget\" data-widget_type=\"text-editor.default\">\n\t\t\t\t<div class=\"elementor-widget-container\">\n\t\t\t\t\t\t\t\t\t<p>El Real Decreto 865\/2003, de 4 de julio establece los criterios higi\u00e9nico-sanitarios para el control y tratamiento de legionella.\u00a0<strong>Las actuaciones de limpieza y desinfecci\u00f3n deben realizarse por personal t\u00e9cnico que haya realizado los cursos de capacitaci\u00f3n.<\/strong><\/p><div class=\"row\"><div class=\"large-5 columns\">\u00a0<\/div><div class=\"large-7 columns\"><p><strong>Tecnoplagas XXI<\/strong>, colabora con\u00a0<strong>Laboratorios acreditados<\/strong>\u00a0y realizamos an\u00e1lisis de:<\/p><ul><li>Legionella<\/li><li>Microbiol\u00f3gico<\/li><li>F\u00edsico-Qu\u00edmico (Agua consumo humano)<\/li><li>F\u00edsico-Qu\u00edmico (Torres de refrigeraci\u00f3n)<\/li><li>An\u00e1lisis control grifo consumidor: sin metales (seg\u00fan art.20.R.D.140\/2003)<\/li><li>An\u00e1lisis control grifo consumidor: con metales (seg\u00fan art.20.R.D.140\/2003)<\/li><li>An\u00e1lisis control grifo consumidor (seg\u00fan art.18.R.D.140\/2003)<\/li><li>Etc.<\/li><\/ul><\/div><\/div><div class=\"row\"><div class=\"row\"><div class=\"large-12 columns\"><p><strong>Estan obligados a realizar los tratamientos de legionella como acciones preventivas\u00a0<\/strong>en salud las siguientes instalaciones:<\/p><\/div><\/div><\/div><p><strong>Tratamientos de legionella en instalaciones con mayor probabilidad de proliferaci\u00f3n y dispersi\u00f3n.<\/strong><\/p><ul><li>Torres de refrigeraci\u00f3n y condensadores evaporativos.<\/li><li>Sistemas de agua caliente sanitaria con acumulador y circuito de retorno.<\/li><li>Sistemas de agua climatizada con agitaci\u00f3n constante y recirculaci\u00f3n a trav\u00e9s de chorros de alta velocidad o la inyecci\u00f3n de aire.<\/li><li>Centrales humidificadoras industriales.<\/li><\/ul>\t\t\t\t\t\t\t\t<\/div>\n\t\t\t\t<\/div>\n\t\t\t\t<div class=\"elementor-element elementor-element-9b808e3 elementor-widget elementor-widget-image\" data-id=\"9b808e3\" data-element_type=\"widget\" data-widget_type=\"image.default\">\n\t\t\t\t<div class=\"elementor-widget-container\">\n\t\t\t\t\t\t\t\t\t\t\t\t\t\t\t<img decoding=\"async\" width=\"400\" height=\"168\" src=\"https:\/\/www.tecnoplagas21.es\/blog\/wp-content\/uploads\/2025\/05\/legionella3.jpg\" class=\"attachment-full size-full wp-image-575\" alt=\"\" srcset=\"https:\/\/www.tecnoplagas21.es\/blog\/wp-content\/uploads\/2025\/05\/legionella3.jpg 400w, https:\/\/www.tecnoplagas21.es\/blog\/wp-content\/uploads\/2025\/05\/legionella3-300x126.jpg 300w\" sizes=\"(max-width: 400px) 100vw, 400px\" \/>\t\t\t\t\t\t\t\t\t\t\t\t\t\t\t<\/div>\n\t\t\t\t<\/div>\n\t\t\t\t<\/div>\n\t\t\t\t\t<\/div>\n\t\t\t\t<\/div>\n\t\t<div class=\"elementor-element elementor-element-f58f355 e-flex e-con-boxed e-con e-parent\" data-id=\"f58f355\" data-element_type=\"container\">\n\t\t\t\t\t<div class=\"e-con-inner\">\n\t\t\t\t<div class=\"elementor-element elementor-element-35c035d elementor-widget elementor-widget-text-editor\" data-id=\"35c035d\" data-element_type=\"widget\" data-widget_type=\"text-editor.default\">\n\t\t\t\t<div class=\"elementor-widget-container\">\n\t\t\t\t\t\t\t\t\t<div class=\"row\"><div class=\"large-7 columns\"><div class=\"row\"><div class=\"large-7 columns\"><strong>Tratamientos de legionella en instalaciones con menor probabilidad de proliferaci\u00f3n y dispersi\u00f3n.<\/strong><ul><li>Sistemas de instalaci\u00f3n interior de agua fr\u00eda de consumo humano (tuber\u00edas, dep\u00f3sitos aljibes) cisternas o dep\u00f3sitos m\u00f3viles y agua caliente sanitaria sin circuito de retorno.<\/li><li>Equipos de enfriamiento evaporativos.<\/li><li>Humectadores.<\/li><li>Fuentes ornamentales.<\/li><li>Sistemas de riego por aspersi\u00f3n en el medio urbano.<\/li><li>Sistemas de agua contra incendios.<\/li><li>Elementos de refrigeraci\u00f3n por aerosolizaci\u00f3n al aire libre.<\/li><li>Otros aparatos que acumulen agua y puedan producir aerosoles.<\/li><\/ul><\/div><\/div><div class=\"row\"><div class=\"large-7 columns\"><p><strong>Tratamientos de legionella en instalaciones de riesgo en terapia respiratoria<\/strong><\/p><ul><li>Equipos de terapia respiratoria.<\/li><li>Respiradores.<\/li><li>Nebulizadores.<\/li><li>Otros.<\/li><\/ul><\/div><\/div><\/div><\/div>\t\t\t\t\t\t\t\t<\/div>\n\t\t\t\t<\/div>\n\t\t\t\t<div class=\"elementor-element elementor-element-fe2b6bf elementor-widget elementor-widget-image\" data-id=\"fe2b6bf\" data-element_type=\"widget\" data-widget_type=\"image.default\">\n\t\t\t\t<div class=\"elementor-widget-container\">\n\t\t\t\t\t\t\t\t\t\t\t\t\t\t\t<img decoding=\"async\" width=\"640\" height=\"336\" src=\"https:\/\/www.tecnoplagas21.es\/blog\/wp-content\/uploads\/2025\/05\/legionella4.jpg\" class=\"attachment-large size-large wp-image-576\" alt=\"\" srcset=\"https:\/\/www.tecnoplagas21.es\/blog\/wp-content\/uploads\/2025\/05\/legionella4.jpg 640w, https:\/\/www.tecnoplagas21.es\/blog\/wp-content\/uploads\/2025\/05\/legionella4-300x158.jpg 300w\" sizes=\"(max-width: 640px) 100vw, 640px\" \/>\t\t\t\t\t\t\t\t\t\t\t\t\t\t\t<\/div>\n\t\t\t\t<\/div>\n\t\t\t\t\t<\/div>\n\t\t\t\t<\/div>\n\t\t\t\t<\/div>\n\t\t","protected":false},"excerpt":{"rendered":"<p>Legionella La legionella es una neumon\u00eda at\u00edpica producida por la bacteria legionella pneumophilia. Este microorganismo, desarrollado en r\u00edos y lagos, [&hellip;]<\/p>\n","protected":false},"author":2,"featured_media":0,"parent":0,"menu_order":0,"comment_status":"closed","ping_status":"closed","template":"","meta":{"site-sidebar-layout":"no-sidebar","site-content-layout":"","ast-site-content-layout":"full-width-container","site-content-style":"default","site-sidebar-style":"default","ast-global-header-display":"","ast-banner-title-visibility":"","ast-main-header-display":"","ast-hfb-above-header-display":"","ast-hfb-below-header-display":"","ast-hfb-mobile-header-display":"","site-post-title":"disabled","ast-breadcrumbs-content":"","ast-featured-img":"disabled","footer-sml-layout":"","theme-transparent-header-meta":"","adv-header-id-meta":"","stick-header-meta":"","header-above-stick-meta":"","header-main-stick-meta":"","header-below-stick-meta":"","astra-migrate-meta-layouts":"default","ast-page-background-enabled":"default","ast-page-background-meta":{"desktop":{"background-color":"var(--ast-global-color-5)","background-image":"","background-repeat":"repeat","background-position":"center center","background-size":"auto","background-attachment":"scroll","background-type":"","background-media":"","overlay-type":"","overlay-color":"","overlay-opacity":"","overlay-gradient":""},"tablet":{"background-color":"","background-image":"","background-repeat":"repeat","background-position":"center center","background-size":"auto","background-attachment":"scroll","background-type":"","background-media":"","overlay-type":"","overlay-color":"","overlay-opacity":"","overlay-gradient":""},"mobile":{"background-color":"","background-image":"","background-repeat":"repeat","background-position":"center center","background-size":"auto","background-attachment":"scroll","background-type":"","background-media":"","overlay-type":"","overlay-color":"","overlay-opacity":"","overlay-gradient":""}},"ast-content-background-meta":{"desktop":{"background-color":"var(--ast-global-color-4)","background-image":"","background-repeat":"repeat","background-position":"center center","background-size":"auto","background-attachment":"scroll","background-type":"","background-media":"","overlay-type":"","overlay-color":"","overlay-opacity":"","overlay-gradient":""},"tablet":{"background-color":"var(--ast-global-color-4)","background-image":"","background-repeat":"repeat","background-position":"center center","background-size":"auto","background-attachment":"scroll","background-type":"","background-media":"","overlay-type":"","overlay-color":"","overlay-opacity":"","overlay-gradient":""},"mobile":{"background-color":"var(--ast-global-color-4)","background-image":"","background-repeat":"repeat","background-position":"center center","background-size":"auto","background-attachment":"scroll","background-type":"","background-media":"","overlay-type":"","overlay-color":"","overlay-opacity":"","overlay-gradient":""}},"footnotes":""},"class_list":["post-572","page","type-page","status-publish","hentry"],"yoast_head":"<!-- This site is optimized with the Yoast SEO plugin v26.1.1 - https:\/\/yoast.com\/wordpress\/plugins\/seo\/ -->\n<title>Legionella - Tecnoplagas XXI<\/title>\n<meta name=\"robots\" content=\"index, follow, max-snippet:-1, max-image-preview:large, max-video-preview:-1\" \/>\n<link rel=\"canonical\" href=\"https:\/\/www.tecnoplagas21.es\/blog\/legionella-2\/\" \/>\n<meta property=\"og:locale\" content=\"es_ES\" \/>\n<meta property=\"og:type\" content=\"article\" \/>\n<meta property=\"og:title\" content=\"Legionella - Tecnoplagas XXI\" \/>\n<meta property=\"og:description\" content=\"Legionella La legionella es una neumon\u00eda at\u00edpica producida por la bacteria legionella pneumophilia. Este microorganismo, desarrollado en r\u00edos y lagos, [&hellip;]\" \/>\n<meta property=\"og:url\" content=\"https:\/\/www.tecnoplagas21.es\/blog\/legionella-2\/\" \/>\n<meta property=\"og:site_name\" content=\"Tecnoplagas XXI\" \/>\n<meta property=\"article:modified_time\" content=\"2025-05-01T17:02:47+00:00\" \/>\n<meta property=\"og:image\" content=\"https:\/\/www.tecnoplagas21.es\/blog\/wp-content\/uploads\/2025\/05\/legionella1.jpg\" \/>\n\t<meta property=\"og:image:width\" content=\"640\" \/>\n\t<meta property=\"og:image:height\" content=\"427\" \/>\n\t<meta property=\"og:image:type\" content=\"image\/jpeg\" \/>\n<meta name=\"twitter:card\" content=\"summary_large_image\" \/>\n<meta name=\"twitter:label1\" content=\"Tiempo de lectura\" \/>\n\t<meta name=\"twitter:data1\" content=\"3 minutos\" \/>\n<script type=\"application\/ld+json\" class=\"yoast-schema-graph\">{\"@context\":\"https:\/\/schema.org\",\"@graph\":[{\"@type\":\"WebPage\",\"@id\":\"https:\/\/www.tecnoplagas21.es\/blog\/legionella-2\/\",\"url\":\"https:\/\/www.tecnoplagas21.es\/blog\/legionella-2\/\",\"name\":\"Legionella - Tecnoplagas XXI\",\"isPartOf\":{\"@id\":\"https:\/\/www.tecnoplagas21.es\/blog\/#website\"},\"primaryImageOfPage\":{\"@id\":\"https:\/\/www.tecnoplagas21.es\/blog\/legionella-2\/#primaryimage\"},\"image\":{\"@id\":\"https:\/\/www.tecnoplagas21.es\/blog\/legionella-2\/#primaryimage\"},\"thumbnailUrl\":\"https:\/\/www.tecnoplagas21.es\/blog\/wp-content\/uploads\/2025\/05\/legionella1.jpg\",\"datePublished\":\"2025-05-01T16:52:24+00:00\",\"dateModified\":\"2025-05-01T17:02:47+00:00\",\"breadcrumb\":{\"@id\":\"https:\/\/www.tecnoplagas21.es\/blog\/legionella-2\/#breadcrumb\"},\"inLanguage\":\"es\",\"potentialAction\":[{\"@type\":\"ReadAction\",\"target\":[\"https:\/\/www.tecnoplagas21.es\/blog\/legionella-2\/\"]}]},{\"@type\":\"ImageObject\",\"inLanguage\":\"es\",\"@id\":\"https:\/\/www.tecnoplagas21.es\/blog\/legionella-2\/#primaryimage\",\"url\":\"https:\/\/www.tecnoplagas21.es\/blog\/wp-content\/uploads\/2025\/05\/legionella1.jpg\",\"contentUrl\":\"https:\/\/www.tecnoplagas21.es\/blog\/wp-content\/uploads\/2025\/05\/legionella1.jpg\",\"width\":640,\"height\":427},{\"@type\":\"BreadcrumbList\",\"@id\":\"https:\/\/www.tecnoplagas21.es\/blog\/legionella-2\/#breadcrumb\",\"itemListElement\":[{\"@type\":\"ListItem\",\"position\":1,\"name\":\"Portada\",\"item\":\"https:\/\/www.tecnoplagas21.es\/blog\/\"},{\"@type\":\"ListItem\",\"position\":2,\"name\":\"Legionella\"}]},{\"@type\":\"WebSite\",\"@id\":\"https:\/\/www.tecnoplagas21.es\/blog\/#website\",\"url\":\"https:\/\/www.tecnoplagas21.es\/blog\/\",\"name\":\"Tecnoplagas XXI\",\"description\":\"Empresa de Control de Plagas\",\"publisher\":{\"@id\":\"https:\/\/www.tecnoplagas21.es\/blog\/#organization\"},\"potentialAction\":[{\"@type\":\"SearchAction\",\"target\":{\"@type\":\"EntryPoint\",\"urlTemplate\":\"https:\/\/www.tecnoplagas21.es\/blog\/?s={search_term_string}\"},\"query-input\":{\"@type\":\"PropertyValueSpecification\",\"valueRequired\":true,\"valueName\":\"search_term_string\"}}],\"inLanguage\":\"es\"},{\"@type\":\"Organization\",\"@id\":\"https:\/\/www.tecnoplagas21.es\/blog\/#organization\",\"name\":\"Tecnoplagas XXI\",\"url\":\"https:\/\/www.tecnoplagas21.es\/blog\/\",\"logo\":{\"@type\":\"ImageObject\",\"inLanguage\":\"es\",\"@id\":\"https:\/\/www.tecnoplagas21.es\/blog\/#\/schema\/logo\/image\/\",\"url\":\"https:\/\/www.tecnoplagas21.es\/blog\/wp-content\/uploads\/2025\/04\/tecnoplagas-LOGO.png\",\"contentUrl\":\"https:\/\/www.tecnoplagas21.es\/blog\/wp-content\/uploads\/2025\/04\/tecnoplagas-LOGO.png\",\"width\":637,\"height\":157,\"caption\":\"Tecnoplagas XXI\"},\"image\":{\"@id\":\"https:\/\/www.tecnoplagas21.es\/blog\/#\/schema\/logo\/image\/\"}}]}<\/script>\n<!-- \/ Yoast SEO plugin. -->","yoast_head_json":{"title":"Legionella - Tecnoplagas XXI","robots":{"index":"index","follow":"follow","max-snippet":"max-snippet:-1","max-image-preview":"max-image-preview:large","max-video-preview":"max-video-preview:-1"},"canonical":"https:\/\/www.tecnoplagas21.es\/blog\/legionella-2\/","og_locale":"es_ES","og_type":"article","og_title":"Legionella - Tecnoplagas XXI","og_description":"Legionella La legionella es una neumon\u00eda at\u00edpica producida por la bacteria legionella pneumophilia. Este microorganismo, desarrollado en r\u00edos y lagos, [&hellip;]","og_url":"https:\/\/www.tecnoplagas21.es\/blog\/legionella-2\/","og_site_name":"Tecnoplagas XXI","article_modified_time":"2025-05-01T17:02:47+00:00","og_image":[{"width":640,"height":427,"url":"https:\/\/www.tecnoplagas21.es\/blog\/wp-content\/uploads\/2025\/05\/legionella1.jpg","type":"image\/jpeg"}],"twitter_card":"summary_large_image","twitter_misc":{"Tiempo de lectura":"3 minutos"},"schema":{"@context":"https:\/\/schema.org","@graph":[{"@type":"WebPage","@id":"https:\/\/www.tecnoplagas21.es\/blog\/legionella-2\/","url":"https:\/\/www.tecnoplagas21.es\/blog\/legionella-2\/","name":"Legionella - Tecnoplagas XXI","isPartOf":{"@id":"https:\/\/www.tecnoplagas21.es\/blog\/#website"},"primaryImageOfPage":{"@id":"https:\/\/www.tecnoplagas21.es\/blog\/legionella-2\/#primaryimage"},"image":{"@id":"https:\/\/www.tecnoplagas21.es\/blog\/legionella-2\/#primaryimage"},"thumbnailUrl":"https:\/\/www.tecnoplagas21.es\/blog\/wp-content\/uploads\/2025\/05\/legionella1.jpg","datePublished":"2025-05-01T16:52:24+00:00","dateModified":"2025-05-01T17:02:47+00:00","breadcrumb":{"@id":"https:\/\/www.tecnoplagas21.es\/blog\/legionella-2\/#breadcrumb"},"inLanguage":"es","potentialAction":[{"@type":"ReadAction","target":["https:\/\/www.tecnoplagas21.es\/blog\/legionella-2\/"]}]},{"@type":"ImageObject","inLanguage":"es","@id":"https:\/\/www.tecnoplagas21.es\/blog\/legionella-2\/#primaryimage","url":"https:\/\/www.tecnoplagas21.es\/blog\/wp-content\/uploads\/2025\/05\/legionella1.jpg","contentUrl":"https:\/\/www.tecnoplagas21.es\/blog\/wp-content\/uploads\/2025\/05\/legionella1.jpg","width":640,"height":427},{"@type":"BreadcrumbList","@id":"https:\/\/www.tecnoplagas21.es\/blog\/legionella-2\/#breadcrumb","itemListElement":[{"@type":"ListItem","position":1,"name":"Portada","item":"https:\/\/www.tecnoplagas21.es\/blog\/"},{"@type":"ListItem","position":2,"name":"Legionella"}]},{"@type":"WebSite","@id":"https:\/\/www.tecnoplagas21.es\/blog\/#website","url":"https:\/\/www.tecnoplagas21.es\/blog\/","name":"Tecnoplagas XXI","description":"Empresa de Control de Plagas","publisher":{"@id":"https:\/\/www.tecnoplagas21.es\/blog\/#organization"},"potentialAction":[{"@type":"SearchAction","target":{"@type":"EntryPoint","urlTemplate":"https:\/\/www.tecnoplagas21.es\/blog\/?s={search_term_string}"},"query-input":{"@type":"PropertyValueSpecification","valueRequired":true,"valueName":"search_term_string"}}],"inLanguage":"es"},{"@type":"Organization","@id":"https:\/\/www.tecnoplagas21.es\/blog\/#organization","name":"Tecnoplagas XXI","url":"https:\/\/www.tecnoplagas21.es\/blog\/","logo":{"@type":"ImageObject","inLanguage":"es","@id":"https:\/\/www.tecnoplagas21.es\/blog\/#\/schema\/logo\/image\/","url":"https:\/\/www.tecnoplagas21.es\/blog\/wp-content\/uploads\/2025\/04\/tecnoplagas-LOGO.png","contentUrl":"https:\/\/www.tecnoplagas21.es\/blog\/wp-content\/uploads\/2025\/04\/tecnoplagas-LOGO.png","width":637,"height":157,"caption":"Tecnoplagas XXI"},"image":{"@id":"https:\/\/www.tecnoplagas21.es\/blog\/#\/schema\/logo\/image\/"}}]}},"_links":{"self":[{"href":"https:\/\/www.tecnoplagas21.es\/blog\/wp-json\/wp\/v2\/pages\/572","targetHints":{"allow":["GET"]}}],"collection":[{"href":"https:\/\/www.tecnoplagas21.es\/blog\/wp-json\/wp\/v2\/pages"}],"about":[{"href":"https:\/\/www.tecnoplagas21.es\/blog\/wp-json\/wp\/v2\/types\/page"}],"author":[{"embeddable":true,"href":"https:\/\/www.tecnoplagas21.es\/blog\/wp-json\/wp\/v2\/users\/2"}],"replies":[{"embeddable":true,"href":"https:\/\/www.tecnoplagas21.es\/blog\/wp-json\/wp\/v2\/comments?post=572"}],"version-history":[{"count":7,"href":"https:\/\/www.tecnoplagas21.es\/blog\/wp-json\/wp\/v2\/pages\/572\/revisions"}],"predecessor-version":[{"id":584,"href":"https:\/\/www.tecnoplagas21.es\/blog\/wp-json\/wp\/v2\/pages\/572\/revisions\/584"}],"wp:attachment":[{"href":"https:\/\/www.tecnoplagas21.es\/blog\/wp-json\/wp\/v2\/media?parent=572"}],"curies":[{"name":"wp","href":"https:\/\/api.w.org\/{rel}","templated":true}]}}