{"id":580,"date":"2025-05-01T19:02:43","date_gmt":"2025-05-01T17:02:43","guid":{"rendered":"https:\/\/www.tecnoplagas21.es\/blog\/?page_id=580"},"modified":"2025-05-01T19:05:21","modified_gmt":"2025-05-01T17:05:21","slug":"desratizacion","status":"publish","type":"page","link":"https:\/\/www.tecnoplagas21.es\/blog\/desratizacion\/","title":{"rendered":"Desratizaci\u00f3n"},"content":{"rendered":"\t\t<div data-elementor-type=\"wp-page\" data-elementor-id=\"580\" class=\"elementor elementor-580\" data-elementor-post-type=\"page\">\n\t\t\t\t<div class=\"elementor-element elementor-element-8efebe3 e-flex e-con-boxed e-con e-parent\" data-id=\"8efebe3\" data-element_type=\"container\">\n\t\t\t\t\t<div class=\"e-con-inner\">\n\t\t\t\t<div class=\"elementor-element elementor-element-13d73a4 elementor-widget elementor-widget-heading\" data-id=\"13d73a4\" data-element_type=\"widget\" data-widget_type=\"heading.default\">\n\t\t\t\t<div class=\"elementor-widget-container\">\n\t\t\t\t\t<h2 class=\"elementor-heading-title elementor-size-default\">Desratizaci\u00f3n<\/h2>\t\t\t\t<\/div>\n\t\t\t\t<\/div>\n\t\t\t\t\t<\/div>\n\t\t\t\t<\/div>\n\t\t<div class=\"elementor-element elementor-element-bdc7282 e-flex e-con-boxed e-con e-parent\" data-id=\"bdc7282\" data-element_type=\"container\">\n\t\t\t\t\t<div class=\"e-con-inner\">\n\t\t\t\t<div class=\"elementor-element elementor-element-5dd3789 elementor-widget elementor-widget-image\" data-id=\"5dd3789\" data-element_type=\"widget\" data-widget_type=\"image.default\">\n\t\t\t\t<div class=\"elementor-widget-container\">\n\t\t\t\t\t\t\t\t\t\t\t\t\t\t\t<img fetchpriority=\"high\" decoding=\"async\" width=\"600\" height=\"397\" src=\"https:\/\/www.tecnoplagas21.es\/blog\/wp-content\/uploads\/2025\/05\/raton-comun.jpg\" class=\"attachment-large size-large wp-image-588\" alt=\"\" srcset=\"https:\/\/www.tecnoplagas21.es\/blog\/wp-content\/uploads\/2025\/05\/raton-comun.jpg 600w, https:\/\/www.tecnoplagas21.es\/blog\/wp-content\/uploads\/2025\/05\/raton-comun-300x199.jpg 300w\" sizes=\"(max-width: 600px) 100vw, 600px\" \/>\t\t\t\t\t\t\t\t\t\t\t\t\t\t\t<\/div>\n\t\t\t\t<\/div>\n\t\t\t\t<div class=\"elementor-element elementor-element-faf928a elementor-widget elementor-widget-text-editor\" data-id=\"faf928a\" data-element_type=\"widget\" data-widget_type=\"text-editor.default\">\n\t\t\t\t<div class=\"elementor-widget-container\">\n\t\t\t\t\t\t\t\t\t<div class=\"row\"><div class=\"large-8 columns\"><p>Los roedores consumen, destruyen y contaminan gran cantidad de alimentos, y ocasionan da\u00f1os estructurales, provocando todo ello perjuicios econ\u00f3micos. Las ratas y los ratones act\u00faan adem\u00e1s como fuente primaria y hospedadores intermedios de diversas enfermedades.<\/p><p>Consiste en la eliminaci\u00f3n de las ratas (rata gris y rata negra), as\u00ed como de otros roedores (rat\u00f3n dom\u00e9stico), por medios qu\u00edmicos (rodenticidas, ya sea en formulaci\u00f3n de bloque parafinado, s\u00e9mola, polvo de pista, gel o l\u00edquido) y\/o f\u00edsicos (trampas de atrapamiento m\u00faltiple). Se colocan dentro de un portacebos como medida de seguridad, para evitar la intoxicaci\u00f3n accidental de ni\u00f1os, animales dom\u00e9sticos, etc., permiten eliminar ratas y ratones con total seguridad, se pueden aplicar en presencia de personas, sin interferir en las actividades que pueda estar realizando en ese momento el cliente. Los portacebos son cajas de diversos materiales (cart\u00f3n o pl\u00e1stico) con orificios de entrada y salida.<\/p><\/div><\/div><p>TECNOPLAGAS XXI, realizar\u00e1 un estudio exhaustivo en el que se incluir\u00e1n los siguientes puntos:<\/p><ul><li>Inspecci\u00f3n de las instalaciones.<\/li><li>Identificaci\u00f3n de la plaga.<\/li><li>Evaluaci\u00f3n de la magnitud de la misma.<\/li><li>Evaluaci\u00f3n de las medidas preventivas-correctivas a realizar en la instalaci\u00f3n.<\/li><li>Control activo (intervenci\u00f3n-tratamiento).<\/li><li>Evaluaci\u00f3n y seguimiento.<\/li><\/ul>\t\t\t\t\t\t\t\t<\/div>\n\t\t\t\t<\/div>\n\t\t\t\t\t<\/div>\n\t\t\t\t<\/div>\n\t\t\t\t<\/div>\n\t\t","protected":false},"excerpt":{"rendered":"<p>Desratizaci\u00f3n Los roedores consumen, destruyen y contaminan gran cantidad de alimentos, y ocasionan da\u00f1os estructurales, provocando todo ello perjuicios econ\u00f3micos. [&hellip;]<\/p>\n","protected":false},"author":2,"featured_media":0,"parent":0,"menu_order":0,"comment_status":"closed","ping_status":"closed","template":"","meta":{"site-sidebar-layout":"no-sidebar","site-content-layout":"","ast-site-content-layout":"full-width-container","site-content-style":"default","site-sidebar-style":"default","ast-global-header-display":"","ast-banner-title-visibility":"","ast-main-header-display":"","ast-hfb-above-header-display":"","ast-hfb-below-header-display":"","ast-hfb-mobile-header-display":"","site-post-title":"disabled","ast-breadcrumbs-content":"","ast-featured-img":"disabled","footer-sml-layout":"","theme-transparent-header-meta":"","adv-header-id-meta":"","stick-header-meta":"","header-above-stick-meta":"","header-main-stick-meta":"","header-below-stick-meta":"","astra-migrate-meta-layouts":"default","ast-page-background-enabled":"default","ast-page-background-meta":{"desktop":{"background-color":"var(--ast-global-color-5)","background-image":"","background-repeat":"repeat","background-position":"center center","background-size":"auto","background-attachment":"scroll","background-type":"","background-media":"","overlay-type":"","overlay-color":"","overlay-opacity":"","overlay-gradient":""},"tablet":{"background-color":"","background-image":"","background-repeat":"repeat","background-position":"center center","background-size":"auto","background-attachment":"scroll","background-type":"","background-media":"","overlay-type":"","overlay-color":"","overlay-opacity":"","overlay-gradient":""},"mobile":{"background-color":"","background-image":"","background-repeat":"repeat","background-position":"center center","background-size":"auto","background-attachment":"scroll","background-type":"","background-media":"","overlay-type":"","overlay-color":"","overlay-opacity":"","overlay-gradient":""}},"ast-content-background-meta":{"desktop":{"background-color":"var(--ast-global-color-4)","background-image":"","background-repeat":"repeat","background-position":"center center","background-size":"auto","background-attachment":"scroll","background-type":"","background-media":"","overlay-type":"","overlay-color":"","overlay-opacity":"","overlay-gradient":""},"tablet":{"background-color":"var(--ast-global-color-4)","background-image":"","background-repeat":"repeat","background-position":"center center","background-size":"auto","background-attachment":"scroll","background-type":"","background-media":"","overlay-type":"","overlay-color":"","overlay-opacity":"","overlay-gradient":""},"mobile":{"background-color":"var(--ast-global-color-4)","background-image":"","background-repeat":"repeat","background-position":"center center","background-size":"auto","background-attachment":"scroll","background-type":"","background-media":"","overlay-type":"","overlay-color":"","overlay-opacity":"","overlay-gradient":""}},"footnotes":""},"class_list":["post-580","page","type-page","status-publish","hentry"],"yoast_head":"<!-- This site is optimized with the Yoast SEO plugin v26.1.1 - https:\/\/yoast.com\/wordpress\/plugins\/seo\/ -->\n<title>Desratizaci\u00f3n - Tecnoplagas XXI<\/title>\n<meta name=\"robots\" content=\"index, follow, max-snippet:-1, max-image-preview:large, max-video-preview:-1\" \/>\n<link rel=\"canonical\" href=\"https:\/\/www.tecnoplagas21.es\/blog\/desratizacion\/\" \/>\n<meta property=\"og:locale\" content=\"es_ES\" \/>\n<meta property=\"og:type\" content=\"article\" \/>\n<meta property=\"og:title\" content=\"Desratizaci\u00f3n - Tecnoplagas XXI\" \/>\n<meta property=\"og:description\" content=\"Desratizaci\u00f3n Los roedores consumen, destruyen y contaminan gran cantidad de alimentos, y ocasionan da\u00f1os estructurales, provocando todo ello perjuicios econ\u00f3micos. [&hellip;]\" \/>\n<meta property=\"og:url\" content=\"https:\/\/www.tecnoplagas21.es\/blog\/desratizacion\/\" \/>\n<meta property=\"og:site_name\" content=\"Tecnoplagas XXI\" \/>\n<meta property=\"article:modified_time\" content=\"2025-05-01T17:05:21+00:00\" \/>\n<meta property=\"og:image\" content=\"https:\/\/www.tecnoplagas21.es\/blog\/wp-content\/uploads\/2025\/05\/raton-comun.jpg\" \/>\n\t<meta property=\"og:image:width\" content=\"600\" \/>\n\t<meta property=\"og:image:height\" content=\"397\" \/>\n\t<meta property=\"og:image:type\" content=\"image\/jpeg\" \/>\n<meta name=\"twitter:card\" content=\"summary_large_image\" \/>\n<meta name=\"twitter:label1\" content=\"Tiempo de lectura\" \/>\n\t<meta name=\"twitter:data1\" content=\"1 minuto\" \/>\n<script type=\"application\/ld+json\" class=\"yoast-schema-graph\">{\"@context\":\"https:\/\/schema.org\",\"@graph\":[{\"@type\":\"WebPage\",\"@id\":\"https:\/\/www.tecnoplagas21.es\/blog\/desratizacion\/\",\"url\":\"https:\/\/www.tecnoplagas21.es\/blog\/desratizacion\/\",\"name\":\"Desratizaci\u00f3n - Tecnoplagas XXI\",\"isPartOf\":{\"@id\":\"https:\/\/www.tecnoplagas21.es\/blog\/#website\"},\"primaryImageOfPage\":{\"@id\":\"https:\/\/www.tecnoplagas21.es\/blog\/desratizacion\/#primaryimage\"},\"image\":{\"@id\":\"https:\/\/www.tecnoplagas21.es\/blog\/desratizacion\/#primaryimage\"},\"thumbnailUrl\":\"https:\/\/www.tecnoplagas21.es\/blog\/wp-content\/uploads\/2025\/05\/raton-comun.jpg\",\"datePublished\":\"2025-05-01T17:02:43+00:00\",\"dateModified\":\"2025-05-01T17:05:21+00:00\",\"breadcrumb\":{\"@id\":\"https:\/\/www.tecnoplagas21.es\/blog\/desratizacion\/#breadcrumb\"},\"inLanguage\":\"es\",\"potentialAction\":[{\"@type\":\"ReadAction\",\"target\":[\"https:\/\/www.tecnoplagas21.es\/blog\/desratizacion\/\"]}]},{\"@type\":\"ImageObject\",\"inLanguage\":\"es\",\"@id\":\"https:\/\/www.tecnoplagas21.es\/blog\/desratizacion\/#primaryimage\",\"url\":\"https:\/\/www.tecnoplagas21.es\/blog\/wp-content\/uploads\/2025\/05\/raton-comun.jpg\",\"contentUrl\":\"https:\/\/www.tecnoplagas21.es\/blog\/wp-content\/uploads\/2025\/05\/raton-comun.jpg\",\"width\":600,\"height\":397},{\"@type\":\"BreadcrumbList\",\"@id\":\"https:\/\/www.tecnoplagas21.es\/blog\/desratizacion\/#breadcrumb\",\"itemListElement\":[{\"@type\":\"ListItem\",\"position\":1,\"name\":\"Portada\",\"item\":\"https:\/\/www.tecnoplagas21.es\/blog\/\"},{\"@type\":\"ListItem\",\"position\":2,\"name\":\"Desratizaci\u00f3n\"}]},{\"@type\":\"WebSite\",\"@id\":\"https:\/\/www.tecnoplagas21.es\/blog\/#website\",\"url\":\"https:\/\/www.tecnoplagas21.es\/blog\/\",\"name\":\"Tecnoplagas XXI\",\"description\":\"Empresa de Control de Plagas\",\"publisher\":{\"@id\":\"https:\/\/www.tecnoplagas21.es\/blog\/#organization\"},\"potentialAction\":[{\"@type\":\"SearchAction\",\"target\":{\"@type\":\"EntryPoint\",\"urlTemplate\":\"https:\/\/www.tecnoplagas21.es\/blog\/?s={search_term_string}\"},\"query-input\":{\"@type\":\"PropertyValueSpecification\",\"valueRequired\":true,\"valueName\":\"search_term_string\"}}],\"inLanguage\":\"es\"},{\"@type\":\"Organization\",\"@id\":\"https:\/\/www.tecnoplagas21.es\/blog\/#organization\",\"name\":\"Tecnoplagas XXI\",\"url\":\"https:\/\/www.tecnoplagas21.es\/blog\/\",\"logo\":{\"@type\":\"ImageObject\",\"inLanguage\":\"es\",\"@id\":\"https:\/\/www.tecnoplagas21.es\/blog\/#\/schema\/logo\/image\/\",\"url\":\"https:\/\/www.tecnoplagas21.es\/blog\/wp-content\/uploads\/2025\/04\/tecnoplagas-LOGO.png\",\"contentUrl\":\"https:\/\/www.tecnoplagas21.es\/blog\/wp-content\/uploads\/2025\/04\/tecnoplagas-LOGO.png\",\"width\":637,\"height\":157,\"caption\":\"Tecnoplagas XXI\"},\"image\":{\"@id\":\"https:\/\/www.tecnoplagas21.es\/blog\/#\/schema\/logo\/image\/\"}}]}<\/script>\n<!-- \/ Yoast SEO plugin. -->","yoast_head_json":{"title":"Desratizaci\u00f3n - Tecnoplagas XXI","robots":{"index":"index","follow":"follow","max-snippet":"max-snippet:-1","max-image-preview":"max-image-preview:large","max-video-preview":"max-video-preview:-1"},"canonical":"https:\/\/www.tecnoplagas21.es\/blog\/desratizacion\/","og_locale":"es_ES","og_type":"article","og_title":"Desratizaci\u00f3n - Tecnoplagas XXI","og_description":"Desratizaci\u00f3n Los roedores consumen, destruyen y contaminan gran cantidad de alimentos, y ocasionan da\u00f1os estructurales, provocando todo ello perjuicios econ\u00f3micos. [&hellip;]","og_url":"https:\/\/www.tecnoplagas21.es\/blog\/desratizacion\/","og_site_name":"Tecnoplagas XXI","article_modified_time":"2025-05-01T17:05:21+00:00","og_image":[{"width":600,"height":397,"url":"https:\/\/www.tecnoplagas21.es\/blog\/wp-content\/uploads\/2025\/05\/raton-comun.jpg","type":"image\/jpeg"}],"twitter_card":"summary_large_image","twitter_misc":{"Tiempo de lectura":"1 minuto"},"schema":{"@context":"https:\/\/schema.org","@graph":[{"@type":"WebPage","@id":"https:\/\/www.tecnoplagas21.es\/blog\/desratizacion\/","url":"https:\/\/www.tecnoplagas21.es\/blog\/desratizacion\/","name":"Desratizaci\u00f3n - Tecnoplagas XXI","isPartOf":{"@id":"https:\/\/www.tecnoplagas21.es\/blog\/#website"},"primaryImageOfPage":{"@id":"https:\/\/www.tecnoplagas21.es\/blog\/desratizacion\/#primaryimage"},"image":{"@id":"https:\/\/www.tecnoplagas21.es\/blog\/desratizacion\/#primaryimage"},"thumbnailUrl":"https:\/\/www.tecnoplagas21.es\/blog\/wp-content\/uploads\/2025\/05\/raton-comun.jpg","datePublished":"2025-05-01T17:02:43+00:00","dateModified":"2025-05-01T17:05:21+00:00","breadcrumb":{"@id":"https:\/\/www.tecnoplagas21.es\/blog\/desratizacion\/#breadcrumb"},"inLanguage":"es","potentialAction":[{"@type":"ReadAction","target":["https:\/\/www.tecnoplagas21.es\/blog\/desratizacion\/"]}]},{"@type":"ImageObject","inLanguage":"es","@id":"https:\/\/www.tecnoplagas21.es\/blog\/desratizacion\/#primaryimage","url":"https:\/\/www.tecnoplagas21.es\/blog\/wp-content\/uploads\/2025\/05\/raton-comun.jpg","contentUrl":"https:\/\/www.tecnoplagas21.es\/blog\/wp-content\/uploads\/2025\/05\/raton-comun.jpg","width":600,"height":397},{"@type":"BreadcrumbList","@id":"https:\/\/www.tecnoplagas21.es\/blog\/desratizacion\/#breadcrumb","itemListElement":[{"@type":"ListItem","position":1,"name":"Portada","item":"https:\/\/www.tecnoplagas21.es\/blog\/"},{"@type":"ListItem","position":2,"name":"Desratizaci\u00f3n"}]},{"@type":"WebSite","@id":"https:\/\/www.tecnoplagas21.es\/blog\/#website","url":"https:\/\/www.tecnoplagas21.es\/blog\/","name":"Tecnoplagas XXI","description":"Empresa de Control de Plagas","publisher":{"@id":"https:\/\/www.tecnoplagas21.es\/blog\/#organization"},"potentialAction":[{"@type":"SearchAction","target":{"@type":"EntryPoint","urlTemplate":"https:\/\/www.tecnoplagas21.es\/blog\/?s={search_term_string}"},"query-input":{"@type":"PropertyValueSpecification","valueRequired":true,"valueName":"search_term_string"}}],"inLanguage":"es"},{"@type":"Organization","@id":"https:\/\/www.tecnoplagas21.es\/blog\/#organization","name":"Tecnoplagas XXI","url":"https:\/\/www.tecnoplagas21.es\/blog\/","logo":{"@type":"ImageObject","inLanguage":"es","@id":"https:\/\/www.tecnoplagas21.es\/blog\/#\/schema\/logo\/image\/","url":"https:\/\/www.tecnoplagas21.es\/blog\/wp-content\/uploads\/2025\/04\/tecnoplagas-LOGO.png","contentUrl":"https:\/\/www.tecnoplagas21.es\/blog\/wp-content\/uploads\/2025\/04\/tecnoplagas-LOGO.png","width":637,"height":157,"caption":"Tecnoplagas XXI"},"image":{"@id":"https:\/\/www.tecnoplagas21.es\/blog\/#\/schema\/logo\/image\/"}}]}},"_links":{"self":[{"href":"https:\/\/www.tecnoplagas21.es\/blog\/wp-json\/wp\/v2\/pages\/580","targetHints":{"allow":["GET"]}}],"collection":[{"href":"https:\/\/www.tecnoplagas21.es\/blog\/wp-json\/wp\/v2\/pages"}],"about":[{"href":"https:\/\/www.tecnoplagas21.es\/blog\/wp-json\/wp\/v2\/types\/page"}],"author":[{"embeddable":true,"href":"https:\/\/www.tecnoplagas21.es\/blog\/wp-json\/wp\/v2\/users\/2"}],"replies":[{"embeddable":true,"href":"https:\/\/www.tecnoplagas21.es\/blog\/wp-json\/wp\/v2\/comments?post=580"}],"version-history":[{"count":7,"href":"https:\/\/www.tecnoplagas21.es\/blog\/wp-json\/wp\/v2\/pages\/580\/revisions"}],"predecessor-version":[{"id":591,"href":"https:\/\/www.tecnoplagas21.es\/blog\/wp-json\/wp\/v2\/pages\/580\/revisions\/591"}],"wp:attachment":[{"href":"https:\/\/www.tecnoplagas21.es\/blog\/wp-json\/wp\/v2\/media?parent=580"}],"curies":[{"name":"wp","href":"https:\/\/api.w.org\/{rel}","templated":true}]}}