{"id":605,"date":"2025-05-01T19:07:58","date_gmt":"2025-05-01T17:07:58","guid":{"rendered":"https:\/\/www.tecnoplagas21.es\/blog\/?page_id=605"},"modified":"2025-05-01T19:13:43","modified_gmt":"2025-05-01T17:13:43","slug":"empresas","status":"publish","type":"page","link":"https:\/\/www.tecnoplagas21.es\/blog\/empresas\/","title":{"rendered":"Empresas"},"content":{"rendered":"\t\t<div data-elementor-type=\"wp-page\" data-elementor-id=\"605\" class=\"elementor elementor-605\" data-elementor-post-type=\"page\">\n\t\t\t\t<div class=\"elementor-element elementor-element-c1d917f e-flex e-con-boxed e-con e-parent\" data-id=\"c1d917f\" data-element_type=\"container\">\n\t\t\t\t\t<div class=\"e-con-inner\">\n\t\t\t\t<div class=\"elementor-element elementor-element-235607b elementor-widget elementor-widget-heading\" data-id=\"235607b\" data-element_type=\"widget\" data-widget_type=\"heading.default\">\n\t\t\t\t<div class=\"elementor-widget-container\">\n\t\t\t\t\t<h2 class=\"elementor-heading-title elementor-size-default\">Empresas<\/h2>\t\t\t\t<\/div>\n\t\t\t\t<\/div>\n\t\t\t\t\t<\/div>\n\t\t\t\t<\/div>\n\t\t<div class=\"elementor-element elementor-element-6e21f9d e-flex e-con-boxed e-con e-parent\" data-id=\"6e21f9d\" data-element_type=\"container\">\n\t\t\t\t\t<div class=\"e-con-inner\">\n\t\t\t\t<div class=\"elementor-element elementor-element-8d99ac9 elementor-drop-cap-yes elementor-widget__width-inherit elementor-drop-cap-view-default elementor-widget elementor-widget-text-editor\" data-id=\"8d99ac9\" data-element_type=\"widget\" data-settings=\"{&quot;drop_cap&quot;:&quot;yes&quot;}\" data-widget_type=\"text-editor.default\">\n\t\t\t\t<div class=\"elementor-widget-container\">\n\t\t\t\t\t\t\t\t\t<p><strong>Atendemos sus avisos a la mayor brevedad con visita de inspecci\u00f3n y presupuestos sin compromiso.<\/strong><\/p>\t\t\t\t\t\t\t\t<\/div>\n\t\t\t\t<\/div>\n\t\t\t\t<div class=\"elementor-element elementor-element-0f4c515 elementor-align-center elementor-widget elementor-widget-button\" data-id=\"0f4c515\" data-element_type=\"widget\" data-widget_type=\"button.default\">\n\t\t\t\t<div class=\"elementor-widget-container\">\n\t\t\t\t\t\t\t\t\t<div class=\"elementor-button-wrapper\">\n\t\t\t\t\t<a class=\"elementor-button elementor-button-link elementor-size-sm\" href=\"http:\/\/contacto\">\n\t\t\t\t\t\t<span class=\"elementor-button-content-wrapper\">\n\t\t\t\t\t\t\t\t\t<span class=\"elementor-button-text\">Solicita Presupuesto<\/span>\n\t\t\t\t\t<\/span>\n\t\t\t\t\t<\/a>\n\t\t\t\t<\/div>\n\t\t\t\t\t\t\t\t<\/div>\n\t\t\t\t<\/div>\n\t\t\t\t\t<\/div>\n\t\t\t\t<\/div>\n\t\t<div class=\"elementor-element elementor-element-26b59fb e-flex e-con-boxed e-con e-parent\" data-id=\"26b59fb\" data-element_type=\"container\">\n\t\t\t\t\t<div class=\"e-con-inner\">\n\t\t<div class=\"elementor-element elementor-element-46a2c28 e-con-full e-flex e-con e-child\" data-id=\"46a2c28\" data-element_type=\"container\">\n\t\t<div class=\"elementor-element elementor-element-b17ea5a e-con-full e-flex e-con e-child\" data-id=\"b17ea5a\" data-element_type=\"container\">\n\t\t\t\t<div class=\"elementor-element elementor-element-be11a3f elementor-widget elementor-widget-text-editor\" data-id=\"be11a3f\" data-element_type=\"widget\" data-widget_type=\"text-editor.default\">\n\t\t\t\t<div class=\"elementor-widget-container\">\n\t\t\t\t\t\t\t\t\t<p><strong>TECNOPLAGAS XXI<\/strong>\u00a0le ofrecer\u00e1 la soluci\u00f3n m\u00e1s adecuada a su problema de Plagas y\/o Legionella, teniendo en cuenta para ello principalmente su seguridad, una total efectividad del servicio y un presupuesto muy competitivo relaci\u00f3n calidad\/precio. Nuestra empresa inicialmente realizara un diagn\u00f3stico de situaci\u00f3n y una evaluaci\u00f3n de riesgos, dise\u00f1ara un plan de actuaci\u00f3n con un protocolo de id\u00f3neo que garantice los trabajos realizados.<\/p><div class=\"row\"><div class=\"large-6 columns\"><p>Realizamos tratamientos en:<\/p><ul><li>Naves Industriales.<\/li><li>Ayuntamientos.<\/li><li>Centros Comerciales.<\/li><li>Hospitales.<\/li><li>Cl\u00ednicas.<\/li><li>Residencias Geri\u00e1tricas.<\/li><li>Hoteles.<\/li><li>Hosteler\u00eda.<\/li><li>Centros de Educaci\u00f3n.<\/li><li>Centros Deportivos.<\/li><li>Centrales El\u00e9ctricas.<\/li><li>Parques E\u00f3licos.<\/li><li>Oficinas.<\/li><li>Bodegas.<\/li><\/ul><\/div><\/div>\t\t\t\t\t\t\t\t<\/div>\n\t\t\t\t<\/div>\n\t\t\t\t<\/div>\n\t\t\t\t<\/div>\n\t\t\t\t<div class=\"elementor-element elementor-element-7cc1141 elementor-widget elementor-widget-image\" data-id=\"7cc1141\" data-element_type=\"widget\" data-widget_type=\"image.default\">\n\t\t\t\t<div class=\"elementor-widget-container\">\n\t\t\t\t\t\t\t\t\t\t\t\t\t\t\t<img fetchpriority=\"high\" decoding=\"async\" width=\"956\" height=\"878\" src=\"https:\/\/www.tecnoplagas21.es\/blog\/wp-content\/uploads\/2025\/05\/tecnoplagas-gestion-empresas.png\" class=\"attachment-large size-large wp-image-610\" alt=\"\" srcset=\"https:\/\/www.tecnoplagas21.es\/blog\/wp-content\/uploads\/2025\/05\/tecnoplagas-gestion-empresas.png 956w, https:\/\/www.tecnoplagas21.es\/blog\/wp-content\/uploads\/2025\/05\/tecnoplagas-gestion-empresas-300x276.png 300w, https:\/\/www.tecnoplagas21.es\/blog\/wp-content\/uploads\/2025\/05\/tecnoplagas-gestion-empresas-768x705.png 768w\" sizes=\"(max-width: 956px) 100vw, 956px\" \/>\t\t\t\t\t\t\t\t\t\t\t\t\t\t\t<\/div>\n\t\t\t\t<\/div>\n\t\t\t\t\t<\/div>\n\t\t\t\t<\/div>\n\t\t<div class=\"elementor-element elementor-element-0e89758 e-flex e-con-boxed e-con e-parent\" data-id=\"0e89758\" data-element_type=\"container\">\n\t\t\t\t\t<div class=\"e-con-inner\">\n\t\t\t\t<div class=\"elementor-element elementor-element-e031795 elementor-widget elementor-widget-image\" data-id=\"e031795\" data-element_type=\"widget\" data-widget_type=\"image.default\">\n\t\t\t\t<div class=\"elementor-widget-container\">\n\t\t\t\t\t\t\t\t\t\t\t\t\t\t\t<img decoding=\"async\" width=\"800\" height=\"291\" src=\"https:\/\/www.tecnoplagas21.es\/blog\/wp-content\/uploads\/2025\/05\/como-trabajamos.jpg\" class=\"attachment-large size-large wp-image-611\" alt=\"\" srcset=\"https:\/\/www.tecnoplagas21.es\/blog\/wp-content\/uploads\/2025\/05\/como-trabajamos.jpg 800w, https:\/\/www.tecnoplagas21.es\/blog\/wp-content\/uploads\/2025\/05\/como-trabajamos-300x109.jpg 300w, https:\/\/www.tecnoplagas21.es\/blog\/wp-content\/uploads\/2025\/05\/como-trabajamos-768x279.jpg 768w\" sizes=\"(max-width: 800px) 100vw, 800px\" \/>\t\t\t\t\t\t\t\t\t\t\t\t\t\t\t<\/div>\n\t\t\t\t<\/div>\n\t\t\t\t\t<\/div>\n\t\t\t\t<\/div>\n\t\t\t\t<\/div>\n\t\t","protected":false},"excerpt":{"rendered":"<p>Empresas Atendemos sus avisos a la mayor brevedad con visita de inspecci\u00f3n y presupuestos sin compromiso. Solicita Presupuesto TECNOPLAGAS XXI\u00a0le [&hellip;]<\/p>\n","protected":false},"author":2,"featured_media":0,"parent":0,"menu_order":0,"comment_status":"closed","ping_status":"closed","template":"","meta":{"site-sidebar-layout":"no-sidebar","site-content-layout":"","ast-site-content-layout":"full-width-container","site-content-style":"default","site-sidebar-style":"default","ast-global-header-display":"","ast-banner-title-visibility":"","ast-main-header-display":"","ast-hfb-above-header-display":"","ast-hfb-below-header-display":"","ast-hfb-mobile-header-display":"","site-post-title":"disabled","ast-breadcrumbs-content":"","ast-featured-img":"disabled","footer-sml-layout":"","theme-transparent-header-meta":"","adv-header-id-meta":"","stick-header-meta":"","header-above-stick-meta":"","header-main-stick-meta":"","header-below-stick-meta":"","astra-migrate-meta-layouts":"default","ast-page-background-enabled":"default","ast-page-background-meta":{"desktop":{"background-color":"var(--ast-global-color-5)","background-image":"","background-repeat":"repeat","background-position":"center center","background-size":"auto","background-attachment":"scroll","background-type":"","background-media":"","overlay-type":"","overlay-color":"","overlay-opacity":"","overlay-gradient":""},"tablet":{"background-color":"","background-image":"","background-repeat":"repeat","background-position":"center center","background-size":"auto","background-attachment":"scroll","background-type":"","background-media":"","overlay-type":"","overlay-color":"","overlay-opacity":"","overlay-gradient":""},"mobile":{"background-color":"","background-image":"","background-repeat":"repeat","background-position":"center center","background-size":"auto","background-attachment":"scroll","background-type":"","background-media":"","overlay-type":"","overlay-color":"","overlay-opacity":"","overlay-gradient":""}},"ast-content-background-meta":{"desktop":{"background-color":"var(--ast-global-color-4)","background-image":"","background-repeat":"repeat","background-position":"center center","background-size":"auto","background-attachment":"scroll","background-type":"","background-media":"","overlay-type":"","overlay-color":"","overlay-opacity":"","overlay-gradient":""},"tablet":{"background-color":"var(--ast-global-color-4)","background-image":"","background-repeat":"repeat","background-position":"center center","background-size":"auto","background-attachment":"scroll","background-type":"","background-media":"","overlay-type":"","overlay-color":"","overlay-opacity":"","overlay-gradient":""},"mobile":{"background-color":"var(--ast-global-color-4)","background-image":"","background-repeat":"repeat","background-position":"center center","background-size":"auto","background-attachment":"scroll","background-type":"","background-media":"","overlay-type":"","overlay-color":"","overlay-opacity":"","overlay-gradient":""}},"footnotes":""},"class_list":["post-605","page","type-page","status-publish","hentry"],"yoast_head":"<!-- This site is optimized with the Yoast SEO plugin v26.1.1 - https:\/\/yoast.com\/wordpress\/plugins\/seo\/ -->\n<title>Empresas - Tecnoplagas XXI<\/title>\n<meta name=\"robots\" content=\"index, follow, max-snippet:-1, max-image-preview:large, max-video-preview:-1\" \/>\n<link rel=\"canonical\" href=\"https:\/\/www.tecnoplagas21.es\/blog\/empresas\/\" \/>\n<meta property=\"og:locale\" content=\"es_ES\" \/>\n<meta property=\"og:type\" content=\"article\" \/>\n<meta property=\"og:title\" content=\"Empresas - Tecnoplagas XXI\" \/>\n<meta property=\"og:description\" content=\"Empresas Atendemos sus avisos a la mayor brevedad con visita de inspecci\u00f3n y presupuestos sin compromiso. Solicita Presupuesto TECNOPLAGAS XXI\u00a0le [&hellip;]\" \/>\n<meta property=\"og:url\" content=\"https:\/\/www.tecnoplagas21.es\/blog\/empresas\/\" \/>\n<meta property=\"og:site_name\" content=\"Tecnoplagas XXI\" \/>\n<meta property=\"article:modified_time\" content=\"2025-05-01T17:13:43+00:00\" \/>\n<meta property=\"og:image\" content=\"https:\/\/www.tecnoplagas21.es\/blog\/wp-content\/uploads\/2025\/05\/tecnoplagas-gestion-empresas.png\" \/>\n\t<meta property=\"og:image:width\" content=\"956\" \/>\n\t<meta property=\"og:image:height\" content=\"878\" \/>\n\t<meta property=\"og:image:type\" content=\"image\/png\" \/>\n<meta name=\"twitter:card\" content=\"summary_large_image\" \/>\n<meta name=\"twitter:label1\" content=\"Tiempo de lectura\" \/>\n\t<meta name=\"twitter:data1\" content=\"1 minuto\" \/>\n<script type=\"application\/ld+json\" class=\"yoast-schema-graph\">{\"@context\":\"https:\/\/schema.org\",\"@graph\":[{\"@type\":\"WebPage\",\"@id\":\"https:\/\/www.tecnoplagas21.es\/blog\/empresas\/\",\"url\":\"https:\/\/www.tecnoplagas21.es\/blog\/empresas\/\",\"name\":\"Empresas - Tecnoplagas XXI\",\"isPartOf\":{\"@id\":\"https:\/\/www.tecnoplagas21.es\/blog\/#website\"},\"primaryImageOfPage\":{\"@id\":\"https:\/\/www.tecnoplagas21.es\/blog\/empresas\/#primaryimage\"},\"image\":{\"@id\":\"https:\/\/www.tecnoplagas21.es\/blog\/empresas\/#primaryimage\"},\"thumbnailUrl\":\"https:\/\/www.tecnoplagas21.es\/blog\/wp-content\/uploads\/2025\/05\/tecnoplagas-gestion-empresas.png\",\"datePublished\":\"2025-05-01T17:07:58+00:00\",\"dateModified\":\"2025-05-01T17:13:43+00:00\",\"breadcrumb\":{\"@id\":\"https:\/\/www.tecnoplagas21.es\/blog\/empresas\/#breadcrumb\"},\"inLanguage\":\"es\",\"potentialAction\":[{\"@type\":\"ReadAction\",\"target\":[\"https:\/\/www.tecnoplagas21.es\/blog\/empresas\/\"]}]},{\"@type\":\"ImageObject\",\"inLanguage\":\"es\",\"@id\":\"https:\/\/www.tecnoplagas21.es\/blog\/empresas\/#primaryimage\",\"url\":\"https:\/\/www.tecnoplagas21.es\/blog\/wp-content\/uploads\/2025\/05\/tecnoplagas-gestion-empresas.png\",\"contentUrl\":\"https:\/\/www.tecnoplagas21.es\/blog\/wp-content\/uploads\/2025\/05\/tecnoplagas-gestion-empresas.png\",\"width\":956,\"height\":878},{\"@type\":\"BreadcrumbList\",\"@id\":\"https:\/\/www.tecnoplagas21.es\/blog\/empresas\/#breadcrumb\",\"itemListElement\":[{\"@type\":\"ListItem\",\"position\":1,\"name\":\"Portada\",\"item\":\"https:\/\/www.tecnoplagas21.es\/blog\/\"},{\"@type\":\"ListItem\",\"position\":2,\"name\":\"Empresas\"}]},{\"@type\":\"WebSite\",\"@id\":\"https:\/\/www.tecnoplagas21.es\/blog\/#website\",\"url\":\"https:\/\/www.tecnoplagas21.es\/blog\/\",\"name\":\"Tecnoplagas XXI\",\"description\":\"Empresa de Control de Plagas\",\"publisher\":{\"@id\":\"https:\/\/www.tecnoplagas21.es\/blog\/#organization\"},\"potentialAction\":[{\"@type\":\"SearchAction\",\"target\":{\"@type\":\"EntryPoint\",\"urlTemplate\":\"https:\/\/www.tecnoplagas21.es\/blog\/?s={search_term_string}\"},\"query-input\":{\"@type\":\"PropertyValueSpecification\",\"valueRequired\":true,\"valueName\":\"search_term_string\"}}],\"inLanguage\":\"es\"},{\"@type\":\"Organization\",\"@id\":\"https:\/\/www.tecnoplagas21.es\/blog\/#organization\",\"name\":\"Tecnoplagas XXI\",\"url\":\"https:\/\/www.tecnoplagas21.es\/blog\/\",\"logo\":{\"@type\":\"ImageObject\",\"inLanguage\":\"es\",\"@id\":\"https:\/\/www.tecnoplagas21.es\/blog\/#\/schema\/logo\/image\/\",\"url\":\"https:\/\/www.tecnoplagas21.es\/blog\/wp-content\/uploads\/2025\/04\/tecnoplagas-LOGO.png\",\"contentUrl\":\"https:\/\/www.tecnoplagas21.es\/blog\/wp-content\/uploads\/2025\/04\/tecnoplagas-LOGO.png\",\"width\":637,\"height\":157,\"caption\":\"Tecnoplagas XXI\"},\"image\":{\"@id\":\"https:\/\/www.tecnoplagas21.es\/blog\/#\/schema\/logo\/image\/\"}}]}<\/script>\n<!-- \/ Yoast SEO plugin. -->","yoast_head_json":{"title":"Empresas - Tecnoplagas XXI","robots":{"index":"index","follow":"follow","max-snippet":"max-snippet:-1","max-image-preview":"max-image-preview:large","max-video-preview":"max-video-preview:-1"},"canonical":"https:\/\/www.tecnoplagas21.es\/blog\/empresas\/","og_locale":"es_ES","og_type":"article","og_title":"Empresas - Tecnoplagas XXI","og_description":"Empresas Atendemos sus avisos a la mayor brevedad con visita de inspecci\u00f3n y presupuestos sin compromiso. Solicita Presupuesto TECNOPLAGAS XXI\u00a0le [&hellip;]","og_url":"https:\/\/www.tecnoplagas21.es\/blog\/empresas\/","og_site_name":"Tecnoplagas XXI","article_modified_time":"2025-05-01T17:13:43+00:00","og_image":[{"width":956,"height":878,"url":"https:\/\/www.tecnoplagas21.es\/blog\/wp-content\/uploads\/2025\/05\/tecnoplagas-gestion-empresas.png","type":"image\/png"}],"twitter_card":"summary_large_image","twitter_misc":{"Tiempo de lectura":"1 minuto"},"schema":{"@context":"https:\/\/schema.org","@graph":[{"@type":"WebPage","@id":"https:\/\/www.tecnoplagas21.es\/blog\/empresas\/","url":"https:\/\/www.tecnoplagas21.es\/blog\/empresas\/","name":"Empresas - Tecnoplagas XXI","isPartOf":{"@id":"https:\/\/www.tecnoplagas21.es\/blog\/#website"},"primaryImageOfPage":{"@id":"https:\/\/www.tecnoplagas21.es\/blog\/empresas\/#primaryimage"},"image":{"@id":"https:\/\/www.tecnoplagas21.es\/blog\/empresas\/#primaryimage"},"thumbnailUrl":"https:\/\/www.tecnoplagas21.es\/blog\/wp-content\/uploads\/2025\/05\/tecnoplagas-gestion-empresas.png","datePublished":"2025-05-01T17:07:58+00:00","dateModified":"2025-05-01T17:13:43+00:00","breadcrumb":{"@id":"https:\/\/www.tecnoplagas21.es\/blog\/empresas\/#breadcrumb"},"inLanguage":"es","potentialAction":[{"@type":"ReadAction","target":["https:\/\/www.tecnoplagas21.es\/blog\/empresas\/"]}]},{"@type":"ImageObject","inLanguage":"es","@id":"https:\/\/www.tecnoplagas21.es\/blog\/empresas\/#primaryimage","url":"https:\/\/www.tecnoplagas21.es\/blog\/wp-content\/uploads\/2025\/05\/tecnoplagas-gestion-empresas.png","contentUrl":"https:\/\/www.tecnoplagas21.es\/blog\/wp-content\/uploads\/2025\/05\/tecnoplagas-gestion-empresas.png","width":956,"height":878},{"@type":"BreadcrumbList","@id":"https:\/\/www.tecnoplagas21.es\/blog\/empresas\/#breadcrumb","itemListElement":[{"@type":"ListItem","position":1,"name":"Portada","item":"https:\/\/www.tecnoplagas21.es\/blog\/"},{"@type":"ListItem","position":2,"name":"Empresas"}]},{"@type":"WebSite","@id":"https:\/\/www.tecnoplagas21.es\/blog\/#website","url":"https:\/\/www.tecnoplagas21.es\/blog\/","name":"Tecnoplagas XXI","description":"Empresa de Control de Plagas","publisher":{"@id":"https:\/\/www.tecnoplagas21.es\/blog\/#organization"},"potentialAction":[{"@type":"SearchAction","target":{"@type":"EntryPoint","urlTemplate":"https:\/\/www.tecnoplagas21.es\/blog\/?s={search_term_string}"},"query-input":{"@type":"PropertyValueSpecification","valueRequired":true,"valueName":"search_term_string"}}],"inLanguage":"es"},{"@type":"Organization","@id":"https:\/\/www.tecnoplagas21.es\/blog\/#organization","name":"Tecnoplagas XXI","url":"https:\/\/www.tecnoplagas21.es\/blog\/","logo":{"@type":"ImageObject","inLanguage":"es","@id":"https:\/\/www.tecnoplagas21.es\/blog\/#\/schema\/logo\/image\/","url":"https:\/\/www.tecnoplagas21.es\/blog\/wp-content\/uploads\/2025\/04\/tecnoplagas-LOGO.png","contentUrl":"https:\/\/www.tecnoplagas21.es\/blog\/wp-content\/uploads\/2025\/04\/tecnoplagas-LOGO.png","width":637,"height":157,"caption":"Tecnoplagas XXI"},"image":{"@id":"https:\/\/www.tecnoplagas21.es\/blog\/#\/schema\/logo\/image\/"}}]}},"_links":{"self":[{"href":"https:\/\/www.tecnoplagas21.es\/blog\/wp-json\/wp\/v2\/pages\/605","targetHints":{"allow":["GET"]}}],"collection":[{"href":"https:\/\/www.tecnoplagas21.es\/blog\/wp-json\/wp\/v2\/pages"}],"about":[{"href":"https:\/\/www.tecnoplagas21.es\/blog\/wp-json\/wp\/v2\/types\/page"}],"author":[{"embeddable":true,"href":"https:\/\/www.tecnoplagas21.es\/blog\/wp-json\/wp\/v2\/users\/2"}],"replies":[{"embeddable":true,"href":"https:\/\/www.tecnoplagas21.es\/blog\/wp-json\/wp\/v2\/comments?post=605"}],"version-history":[{"count":10,"href":"https:\/\/www.tecnoplagas21.es\/blog\/wp-json\/wp\/v2\/pages\/605\/revisions"}],"predecessor-version":[{"id":618,"href":"https:\/\/www.tecnoplagas21.es\/blog\/wp-json\/wp\/v2\/pages\/605\/revisions\/618"}],"wp:attachment":[{"href":"https:\/\/www.tecnoplagas21.es\/blog\/wp-json\/wp\/v2\/media?parent=605"}],"curies":[{"name":"wp","href":"https:\/\/api.w.org\/{rel}","templated":true}]}}