{"id":619,"date":"2025-05-01T19:14:39","date_gmt":"2025-05-01T17:14:39","guid":{"rendered":"https:\/\/www.tecnoplagas21.es\/blog\/?page_id=619"},"modified":"2025-05-01T19:16:57","modified_gmt":"2025-05-01T17:16:57","slug":"comunidades","status":"publish","type":"page","link":"https:\/\/www.tecnoplagas21.es\/blog\/comunidades\/","title":{"rendered":"Comunidades"},"content":{"rendered":"\t\t<div data-elementor-type=\"wp-page\" data-elementor-id=\"619\" class=\"elementor elementor-619\" data-elementor-post-type=\"page\">\n\t\t\t\t<div class=\"elementor-element elementor-element-bcb31dc e-flex e-con-boxed e-con e-parent\" data-id=\"bcb31dc\" data-element_type=\"container\">\n\t\t\t\t\t<div class=\"e-con-inner\">\n\t\t\t\t<div class=\"elementor-element elementor-element-220b89b elementor-widget elementor-widget-heading\" data-id=\"220b89b\" data-element_type=\"widget\" data-widget_type=\"heading.default\">\n\t\t\t\t<div class=\"elementor-widget-container\">\n\t\t\t\t\t<h2 class=\"elementor-heading-title elementor-size-default\">comunidades<\/h2>\t\t\t\t<\/div>\n\t\t\t\t<\/div>\n\t\t\t\t\t<\/div>\n\t\t\t\t<\/div>\n\t\t<div class=\"elementor-element elementor-element-59dde24 e-grid e-con-boxed e-con e-parent\" data-id=\"59dde24\" data-element_type=\"container\">\n\t\t\t\t\t<div class=\"e-con-inner\">\n\t\t\t\t<div class=\"elementor-element elementor-element-3fc9d69 elementor-widget elementor-widget-image\" data-id=\"3fc9d69\" data-element_type=\"widget\" data-widget_type=\"image.default\">\n\t\t\t\t<div class=\"elementor-widget-container\">\n\t\t\t\t\t\t\t\t\t\t\t\t\t\t\t<img fetchpriority=\"high\" decoding=\"async\" width=\"310\" height=\"163\" src=\"https:\/\/www.tecnoplagas21.es\/blog\/wp-content\/uploads\/2025\/05\/comunidades1.jpg\" class=\"attachment-large size-large wp-image-624\" alt=\"\" srcset=\"https:\/\/www.tecnoplagas21.es\/blog\/wp-content\/uploads\/2025\/05\/comunidades1.jpg 310w, https:\/\/www.tecnoplagas21.es\/blog\/wp-content\/uploads\/2025\/05\/comunidades1-300x158.jpg 300w\" sizes=\"(max-width: 310px) 100vw, 310px\" \/>\t\t\t\t\t\t\t\t\t\t\t\t\t\t\t<\/div>\n\t\t\t\t<\/div>\n\t\t\t\t<div class=\"elementor-element elementor-element-07a8339 elementor-widget elementor-widget-image\" data-id=\"07a8339\" data-element_type=\"widget\" data-widget_type=\"image.default\">\n\t\t\t\t<div class=\"elementor-widget-container\">\n\t\t\t\t\t\t\t\t\t\t\t\t\t\t\t<img decoding=\"async\" width=\"275\" height=\"183\" src=\"https:\/\/www.tecnoplagas21.es\/blog\/wp-content\/uploads\/2025\/05\/comunidades2.jpg\" class=\"attachment-large size-large wp-image-623\" alt=\"\" \/>\t\t\t\t\t\t\t\t\t\t\t\t\t\t\t<\/div>\n\t\t\t\t<\/div>\n\t\t\t\t<div class=\"elementor-element elementor-element-b259211 elementor-widget elementor-widget-image\" data-id=\"b259211\" data-element_type=\"widget\" data-widget_type=\"image.default\">\n\t\t\t\t<div class=\"elementor-widget-container\">\n\t\t\t\t\t\t\t\t\t\t\t\t\t\t\t<img decoding=\"async\" width=\"268\" height=\"188\" src=\"https:\/\/www.tecnoplagas21.es\/blog\/wp-content\/uploads\/2025\/05\/comunidades3.jpg\" class=\"attachment-large size-large wp-image-622\" alt=\"\" \/>\t\t\t\t\t\t\t\t\t\t\t\t\t\t\t<\/div>\n\t\t\t\t<\/div>\n\t\t\t\t<div class=\"elementor-element elementor-element-eba68cb elementor-widget elementor-widget-image\" data-id=\"eba68cb\" data-element_type=\"widget\" data-widget_type=\"image.default\">\n\t\t\t\t<div class=\"elementor-widget-container\">\n\t\t\t\t\t\t\t\t\t\t\t\t\t\t\t<img loading=\"lazy\" decoding=\"async\" width=\"551\" height=\"299\" src=\"https:\/\/www.tecnoplagas21.es\/blog\/wp-content\/uploads\/2025\/05\/comunidades4.jpg\" class=\"attachment-large size-large wp-image-621\" alt=\"\" srcset=\"https:\/\/www.tecnoplagas21.es\/blog\/wp-content\/uploads\/2025\/05\/comunidades4.jpg 551w, https:\/\/www.tecnoplagas21.es\/blog\/wp-content\/uploads\/2025\/05\/comunidades4-300x163.jpg 300w\" sizes=\"(max-width: 551px) 100vw, 551px\" \/>\t\t\t\t\t\t\t\t\t\t\t\t\t\t\t<\/div>\n\t\t\t\t<\/div>\n\t\t\t\t\t<\/div>\n\t\t\t\t<\/div>\n\t\t<div class=\"elementor-element elementor-element-af98292 e-flex e-con-boxed e-con e-parent\" data-id=\"af98292\" data-element_type=\"container\">\n\t\t\t\t\t<div class=\"e-con-inner\">\n\t\t\t\t<div class=\"elementor-element elementor-element-24677e3 elementor-widget elementor-widget-text-editor\" data-id=\"24677e3\" data-element_type=\"widget\" data-widget_type=\"text-editor.default\">\n\t\t\t\t<div class=\"elementor-widget-container\">\n\t\t\t\t\t\t\t\t\t<div class=\"row\"><div class=\"large-12 columns text-center\"><h3>GARANTIA ANUAL.<\/h3><div>\u00a0<\/div><\/div><\/div><p>En\u00a0<strong>Tecnoplagas XXI, S.L.<\/strong>, realizamos tratamientos integrales en comunidades de vecinos. Ponemos a su disposici\u00f3n los mejores t\u00e9cnicos formados en el sector, as\u00ed como la maquinaria y productos de la m\u00e1s alta gama para hacer frente a los organismos que causen las plagas, primando por encima de todo, los productos y metodolog\u00edas menos nocivas para el ser humano y m\u00e1s respetuosas con el medio ambiente.<\/p><p>Nuestro Objetivo es realizar todas las tareas necesarias para minimizar la presencia de plagas en comunidades de vecinos, tanto Viviendas como Zonas Comunes, obteniendo la Eliminaci\u00f3n de \u00e9stas especies y con ello de las enfermedades que transmiten y un Aumento en el bienestar del ser humano.<\/p><p><strong>Realizamos Tratamientos de:<\/strong><\/p><ul><li>Cucarachas, Hormigas y Avispas<\/li><li>Ratones<\/li><li>Chinches<\/li><li>Termita-Carcoma<\/li><li>Aves<\/li><li>Legionella<\/li><\/ul>\t\t\t\t\t\t\t\t<\/div>\n\t\t\t\t<\/div>\n\t\t\t\t\t<\/div>\n\t\t\t\t<\/div>\n\t\t<div class=\"elementor-element elementor-element-c3f1029 e-flex e-con-boxed e-con e-parent\" data-id=\"c3f1029\" data-element_type=\"container\">\n\t\t\t\t\t<div class=\"e-con-inner\">\n\t\t\t\t<div class=\"elementor-element elementor-element-227ab38 elementor-widget elementor-widget-image\" data-id=\"227ab38\" data-element_type=\"widget\" data-widget_type=\"image.default\">\n\t\t\t\t<div class=\"elementor-widget-container\">\n\t\t\t\t\t\t\t\t\t\t\t\t\t\t\t<img loading=\"lazy\" decoding=\"async\" width=\"800\" height=\"291\" src=\"https:\/\/www.tecnoplagas21.es\/blog\/wp-content\/uploads\/2025\/05\/como-trabajamos.jpg\" class=\"attachment-large size-large wp-image-611\" alt=\"\" srcset=\"https:\/\/www.tecnoplagas21.es\/blog\/wp-content\/uploads\/2025\/05\/como-trabajamos.jpg 800w, https:\/\/www.tecnoplagas21.es\/blog\/wp-content\/uploads\/2025\/05\/como-trabajamos-300x109.jpg 300w, https:\/\/www.tecnoplagas21.es\/blog\/wp-content\/uploads\/2025\/05\/como-trabajamos-768x279.jpg 768w\" sizes=\"(max-width: 800px) 100vw, 800px\" \/>\t\t\t\t\t\t\t\t\t\t\t\t\t\t\t<\/div>\n\t\t\t\t<\/div>\n\t\t\t\t\t<\/div>\n\t\t\t\t<\/div>\n\t\t\t\t<\/div>\n\t\t","protected":false},"excerpt":{"rendered":"<p>comunidades GARANTIA ANUAL. \u00a0 En\u00a0Tecnoplagas XXI, S.L., realizamos tratamientos integrales en comunidades de vecinos. Ponemos a su disposici\u00f3n los mejores [&hellip;]<\/p>\n","protected":false},"author":2,"featured_media":0,"parent":0,"menu_order":0,"comment_status":"closed","ping_status":"closed","template":"","meta":{"site-sidebar-layout":"no-sidebar","site-content-layout":"","ast-site-content-layout":"full-width-container","site-content-style":"default","site-sidebar-style":"default","ast-global-header-display":"","ast-banner-title-visibility":"","ast-main-header-display":"","ast-hfb-above-header-display":"","ast-hfb-below-header-display":"","ast-hfb-mobile-header-display":"","site-post-title":"disabled","ast-breadcrumbs-content":"","ast-featured-img":"disabled","footer-sml-layout":"","theme-transparent-header-meta":"","adv-header-id-meta":"","stick-header-meta":"","header-above-stick-meta":"","header-main-stick-meta":"","header-below-stick-meta":"","astra-migrate-meta-layouts":"default","ast-page-background-enabled":"default","ast-page-background-meta":{"desktop":{"background-color":"var(--ast-global-color-5)","background-image":"","background-repeat":"repeat","background-position":"center center","background-size":"auto","background-attachment":"scroll","background-type":"","background-media":"","overlay-type":"","overlay-color":"","overlay-opacity":"","overlay-gradient":""},"tablet":{"background-color":"","background-image":"","background-repeat":"repeat","background-position":"center center","background-size":"auto","background-attachment":"scroll","background-type":"","background-media":"","overlay-type":"","overlay-color":"","overlay-opacity":"","overlay-gradient":""},"mobile":{"background-color":"","background-image":"","background-repeat":"repeat","background-position":"center center","background-size":"auto","background-attachment":"scroll","background-type":"","background-media":"","overlay-type":"","overlay-color":"","overlay-opacity":"","overlay-gradient":""}},"ast-content-background-meta":{"desktop":{"background-color":"var(--ast-global-color-4)","background-image":"","background-repeat":"repeat","background-position":"center center","background-size":"auto","background-attachment":"scroll","background-type":"","background-media":"","overlay-type":"","overlay-color":"","overlay-opacity":"","overlay-gradient":""},"tablet":{"background-color":"var(--ast-global-color-4)","background-image":"","background-repeat":"repeat","background-position":"center center","background-size":"auto","background-attachment":"scroll","background-type":"","background-media":"","overlay-type":"","overlay-color":"","overlay-opacity":"","overlay-gradient":""},"mobile":{"background-color":"var(--ast-global-color-4)","background-image":"","background-repeat":"repeat","background-position":"center center","background-size":"auto","background-attachment":"scroll","background-type":"","background-media":"","overlay-type":"","overlay-color":"","overlay-opacity":"","overlay-gradient":""}},"footnotes":""},"class_list":["post-619","page","type-page","status-publish","hentry"],"yoast_head":"<!-- This site is optimized with the Yoast SEO plugin v26.1.1 - https:\/\/yoast.com\/wordpress\/plugins\/seo\/ -->\n<title>Comunidades - Tecnoplagas XXI<\/title>\n<meta name=\"robots\" content=\"index, follow, max-snippet:-1, max-image-preview:large, max-video-preview:-1\" \/>\n<link rel=\"canonical\" href=\"https:\/\/www.tecnoplagas21.es\/blog\/comunidades\/\" \/>\n<meta property=\"og:locale\" content=\"es_ES\" \/>\n<meta property=\"og:type\" content=\"article\" \/>\n<meta property=\"og:title\" content=\"Comunidades - Tecnoplagas XXI\" \/>\n<meta property=\"og:description\" content=\"comunidades GARANTIA ANUAL. \u00a0 En\u00a0Tecnoplagas XXI, S.L., realizamos tratamientos integrales en comunidades de vecinos. Ponemos a su disposici\u00f3n los mejores [&hellip;]\" \/>\n<meta property=\"og:url\" content=\"https:\/\/www.tecnoplagas21.es\/blog\/comunidades\/\" \/>\n<meta property=\"og:site_name\" content=\"Tecnoplagas XXI\" \/>\n<meta property=\"article:modified_time\" content=\"2025-05-01T17:16:57+00:00\" \/>\n<meta property=\"og:image\" content=\"https:\/\/www.tecnoplagas21.es\/blog\/wp-content\/uploads\/2025\/05\/comunidades1.jpg\" \/>\n\t<meta property=\"og:image:width\" content=\"310\" \/>\n\t<meta property=\"og:image:height\" content=\"163\" \/>\n\t<meta property=\"og:image:type\" content=\"image\/jpeg\" \/>\n<meta name=\"twitter:card\" content=\"summary_large_image\" \/>\n<meta name=\"twitter:label1\" content=\"Tiempo de lectura\" \/>\n\t<meta name=\"twitter:data1\" content=\"1 minuto\" \/>\n<script type=\"application\/ld+json\" class=\"yoast-schema-graph\">{\"@context\":\"https:\/\/schema.org\",\"@graph\":[{\"@type\":\"WebPage\",\"@id\":\"https:\/\/www.tecnoplagas21.es\/blog\/comunidades\/\",\"url\":\"https:\/\/www.tecnoplagas21.es\/blog\/comunidades\/\",\"name\":\"Comunidades - Tecnoplagas XXI\",\"isPartOf\":{\"@id\":\"https:\/\/www.tecnoplagas21.es\/blog\/#website\"},\"primaryImageOfPage\":{\"@id\":\"https:\/\/www.tecnoplagas21.es\/blog\/comunidades\/#primaryimage\"},\"image\":{\"@id\":\"https:\/\/www.tecnoplagas21.es\/blog\/comunidades\/#primaryimage\"},\"thumbnailUrl\":\"https:\/\/www.tecnoplagas21.es\/blog\/wp-content\/uploads\/2025\/05\/comunidades1.jpg\",\"datePublished\":\"2025-05-01T17:14:39+00:00\",\"dateModified\":\"2025-05-01T17:16:57+00:00\",\"breadcrumb\":{\"@id\":\"https:\/\/www.tecnoplagas21.es\/blog\/comunidades\/#breadcrumb\"},\"inLanguage\":\"es\",\"potentialAction\":[{\"@type\":\"ReadAction\",\"target\":[\"https:\/\/www.tecnoplagas21.es\/blog\/comunidades\/\"]}]},{\"@type\":\"ImageObject\",\"inLanguage\":\"es\",\"@id\":\"https:\/\/www.tecnoplagas21.es\/blog\/comunidades\/#primaryimage\",\"url\":\"https:\/\/www.tecnoplagas21.es\/blog\/wp-content\/uploads\/2025\/05\/comunidades1.jpg\",\"contentUrl\":\"https:\/\/www.tecnoplagas21.es\/blog\/wp-content\/uploads\/2025\/05\/comunidades1.jpg\",\"width\":310,\"height\":163},{\"@type\":\"BreadcrumbList\",\"@id\":\"https:\/\/www.tecnoplagas21.es\/blog\/comunidades\/#breadcrumb\",\"itemListElement\":[{\"@type\":\"ListItem\",\"position\":1,\"name\":\"Portada\",\"item\":\"https:\/\/www.tecnoplagas21.es\/blog\/\"},{\"@type\":\"ListItem\",\"position\":2,\"name\":\"Comunidades\"}]},{\"@type\":\"WebSite\",\"@id\":\"https:\/\/www.tecnoplagas21.es\/blog\/#website\",\"url\":\"https:\/\/www.tecnoplagas21.es\/blog\/\",\"name\":\"Tecnoplagas XXI\",\"description\":\"Empresa de Control de Plagas\",\"publisher\":{\"@id\":\"https:\/\/www.tecnoplagas21.es\/blog\/#organization\"},\"potentialAction\":[{\"@type\":\"SearchAction\",\"target\":{\"@type\":\"EntryPoint\",\"urlTemplate\":\"https:\/\/www.tecnoplagas21.es\/blog\/?s={search_term_string}\"},\"query-input\":{\"@type\":\"PropertyValueSpecification\",\"valueRequired\":true,\"valueName\":\"search_term_string\"}}],\"inLanguage\":\"es\"},{\"@type\":\"Organization\",\"@id\":\"https:\/\/www.tecnoplagas21.es\/blog\/#organization\",\"name\":\"Tecnoplagas XXI\",\"url\":\"https:\/\/www.tecnoplagas21.es\/blog\/\",\"logo\":{\"@type\":\"ImageObject\",\"inLanguage\":\"es\",\"@id\":\"https:\/\/www.tecnoplagas21.es\/blog\/#\/schema\/logo\/image\/\",\"url\":\"https:\/\/www.tecnoplagas21.es\/blog\/wp-content\/uploads\/2025\/04\/tecnoplagas-LOGO.png\",\"contentUrl\":\"https:\/\/www.tecnoplagas21.es\/blog\/wp-content\/uploads\/2025\/04\/tecnoplagas-LOGO.png\",\"width\":637,\"height\":157,\"caption\":\"Tecnoplagas XXI\"},\"image\":{\"@id\":\"https:\/\/www.tecnoplagas21.es\/blog\/#\/schema\/logo\/image\/\"}}]}<\/script>\n<!-- \/ Yoast SEO plugin. -->","yoast_head_json":{"title":"Comunidades - Tecnoplagas XXI","robots":{"index":"index","follow":"follow","max-snippet":"max-snippet:-1","max-image-preview":"max-image-preview:large","max-video-preview":"max-video-preview:-1"},"canonical":"https:\/\/www.tecnoplagas21.es\/blog\/comunidades\/","og_locale":"es_ES","og_type":"article","og_title":"Comunidades - Tecnoplagas XXI","og_description":"comunidades GARANTIA ANUAL. \u00a0 En\u00a0Tecnoplagas XXI, S.L., realizamos tratamientos integrales en comunidades de vecinos. Ponemos a su disposici\u00f3n los mejores [&hellip;]","og_url":"https:\/\/www.tecnoplagas21.es\/blog\/comunidades\/","og_site_name":"Tecnoplagas XXI","article_modified_time":"2025-05-01T17:16:57+00:00","og_image":[{"width":310,"height":163,"url":"https:\/\/www.tecnoplagas21.es\/blog\/wp-content\/uploads\/2025\/05\/comunidades1.jpg","type":"image\/jpeg"}],"twitter_card":"summary_large_image","twitter_misc":{"Tiempo de lectura":"1 minuto"},"schema":{"@context":"https:\/\/schema.org","@graph":[{"@type":"WebPage","@id":"https:\/\/www.tecnoplagas21.es\/blog\/comunidades\/","url":"https:\/\/www.tecnoplagas21.es\/blog\/comunidades\/","name":"Comunidades - Tecnoplagas XXI","isPartOf":{"@id":"https:\/\/www.tecnoplagas21.es\/blog\/#website"},"primaryImageOfPage":{"@id":"https:\/\/www.tecnoplagas21.es\/blog\/comunidades\/#primaryimage"},"image":{"@id":"https:\/\/www.tecnoplagas21.es\/blog\/comunidades\/#primaryimage"},"thumbnailUrl":"https:\/\/www.tecnoplagas21.es\/blog\/wp-content\/uploads\/2025\/05\/comunidades1.jpg","datePublished":"2025-05-01T17:14:39+00:00","dateModified":"2025-05-01T17:16:57+00:00","breadcrumb":{"@id":"https:\/\/www.tecnoplagas21.es\/blog\/comunidades\/#breadcrumb"},"inLanguage":"es","potentialAction":[{"@type":"ReadAction","target":["https:\/\/www.tecnoplagas21.es\/blog\/comunidades\/"]}]},{"@type":"ImageObject","inLanguage":"es","@id":"https:\/\/www.tecnoplagas21.es\/blog\/comunidades\/#primaryimage","url":"https:\/\/www.tecnoplagas21.es\/blog\/wp-content\/uploads\/2025\/05\/comunidades1.jpg","contentUrl":"https:\/\/www.tecnoplagas21.es\/blog\/wp-content\/uploads\/2025\/05\/comunidades1.jpg","width":310,"height":163},{"@type":"BreadcrumbList","@id":"https:\/\/www.tecnoplagas21.es\/blog\/comunidades\/#breadcrumb","itemListElement":[{"@type":"ListItem","position":1,"name":"Portada","item":"https:\/\/www.tecnoplagas21.es\/blog\/"},{"@type":"ListItem","position":2,"name":"Comunidades"}]},{"@type":"WebSite","@id":"https:\/\/www.tecnoplagas21.es\/blog\/#website","url":"https:\/\/www.tecnoplagas21.es\/blog\/","name":"Tecnoplagas XXI","description":"Empresa de Control de Plagas","publisher":{"@id":"https:\/\/www.tecnoplagas21.es\/blog\/#organization"},"potentialAction":[{"@type":"SearchAction","target":{"@type":"EntryPoint","urlTemplate":"https:\/\/www.tecnoplagas21.es\/blog\/?s={search_term_string}"},"query-input":{"@type":"PropertyValueSpecification","valueRequired":true,"valueName":"search_term_string"}}],"inLanguage":"es"},{"@type":"Organization","@id":"https:\/\/www.tecnoplagas21.es\/blog\/#organization","name":"Tecnoplagas XXI","url":"https:\/\/www.tecnoplagas21.es\/blog\/","logo":{"@type":"ImageObject","inLanguage":"es","@id":"https:\/\/www.tecnoplagas21.es\/blog\/#\/schema\/logo\/image\/","url":"https:\/\/www.tecnoplagas21.es\/blog\/wp-content\/uploads\/2025\/04\/tecnoplagas-LOGO.png","contentUrl":"https:\/\/www.tecnoplagas21.es\/blog\/wp-content\/uploads\/2025\/04\/tecnoplagas-LOGO.png","width":637,"height":157,"caption":"Tecnoplagas XXI"},"image":{"@id":"https:\/\/www.tecnoplagas21.es\/blog\/#\/schema\/logo\/image\/"}}]}},"_links":{"self":[{"href":"https:\/\/www.tecnoplagas21.es\/blog\/wp-json\/wp\/v2\/pages\/619","targetHints":{"allow":["GET"]}}],"collection":[{"href":"https:\/\/www.tecnoplagas21.es\/blog\/wp-json\/wp\/v2\/pages"}],"about":[{"href":"https:\/\/www.tecnoplagas21.es\/blog\/wp-json\/wp\/v2\/types\/page"}],"author":[{"embeddable":true,"href":"https:\/\/www.tecnoplagas21.es\/blog\/wp-json\/wp\/v2\/users\/2"}],"replies":[{"embeddable":true,"href":"https:\/\/www.tecnoplagas21.es\/blog\/wp-json\/wp\/v2\/comments?post=619"}],"version-history":[{"count":7,"href":"https:\/\/www.tecnoplagas21.es\/blog\/wp-json\/wp\/v2\/pages\/619\/revisions"}],"predecessor-version":[{"id":630,"href":"https:\/\/www.tecnoplagas21.es\/blog\/wp-json\/wp\/v2\/pages\/619\/revisions\/630"}],"wp:attachment":[{"href":"https:\/\/www.tecnoplagas21.es\/blog\/wp-json\/wp\/v2\/media?parent=619"}],"curies":[{"name":"wp","href":"https:\/\/api.w.org\/{rel}","templated":true}]}}