{"id":674,"date":"2025-05-01T20:25:02","date_gmt":"2025-05-01T18:25:02","guid":{"rendered":"https:\/\/www.tecnoplagas21.es\/blog\/?page_id=674"},"modified":"2025-05-01T20:27:20","modified_gmt":"2025-05-01T18:27:20","slug":"elementor-pagina-674","status":"publish","type":"page","link":"https:\/\/www.tecnoplagas21.es\/blog\/elementor-pagina-674\/","title":{"rendered":"Cucarachas"},"content":{"rendered":"\t\t<div data-elementor-type=\"wp-page\" data-elementor-id=\"674\" class=\"elementor elementor-674\" data-elementor-post-type=\"page\">\n\t\t\t\t<div class=\"elementor-element elementor-element-f9b6a72 e-flex e-con-boxed e-con e-parent\" data-id=\"f9b6a72\" data-element_type=\"container\">\n\t\t\t\t\t<div class=\"e-con-inner\">\n\t\t\t\t<div class=\"elementor-element elementor-element-338e7f5 elementor-widget elementor-widget-heading\" data-id=\"338e7f5\" data-element_type=\"widget\" data-widget_type=\"heading.default\">\n\t\t\t\t<div class=\"elementor-widget-container\">\n\t\t\t\t\t<h2 class=\"elementor-heading-title elementor-size-default\">Cucarachas<\/h2>\t\t\t\t<\/div>\n\t\t\t\t<\/div>\n\t\t\t\t<div class=\"elementor-element elementor-element-240ab4e elementor-widget elementor-widget-text-editor\" data-id=\"240ab4e\" data-element_type=\"widget\" data-widget_type=\"text-editor.default\">\n\t\t\t\t<div class=\"elementor-widget-container\">\n\t\t\t\t\t\t\t\t\t<p>Las cucarachas son activas por la noche cuando buscan alimento, agua y aparearse.<\/p><p>Pueden ser vistas durante el d\u00eda principalmente cuando hay una alta infestaci\u00f3n o cuando les falta alimento y agua.<\/p><p>Por lo general prefieren un ambiente h\u00famedo y c\u00e1lido, por eso eligen vivir en grietas y hendiduras.<\/p><p>Se alimentan de sustancias a base de almid\u00f3n, dulces, grasas y carne; pueden alimentarse de quesos, cerveza, cuero, libros, pedazos de cuero seco y algunas especies de clima tropical se alimentan solo de vegetaci\u00f3n.<\/p><p>Pueden estar en grupos pero no tienen comportamiento social como las hormigas, sino que buscan en forma individual sus alimentos.<\/p><p>La forma es oval achatada. El pronoto (como escudo) cubre la cabeza. Las piezas bucales son masticadoras, dirigidas hacia abajo y atr\u00e1s. Las patas tienen en sus torsos unas almohadillas que le permiten trepar vidrios o caminar por el techo.<\/p><p>Las cucarachas se mueven a nuevas \u00e1reas debido a su habilidad de moverse dentro y fuera, y de volar y planear. Al esconderse en hendijas son transportadas por la gente a nuevos lugares y es as\u00ed que pueden entrar a hospitales, restaurantes, zool\u00f3gicos y supermercados.<\/p><p>El desarrollo es por graduales metamorfosis que consisten en tres (3) estados: huevo, ninfa y adulto.<\/p>\t\t\t\t\t\t\t\t<\/div>\n\t\t\t\t<\/div>\n\t\t\t\t<div class=\"elementor-element elementor-element-ccb8125 elementor-widget elementor-widget-image\" data-id=\"ccb8125\" data-element_type=\"widget\" data-widget_type=\"image.default\">\n\t\t\t\t<div class=\"elementor-widget-container\">\n\t\t\t\t\t\t\t\t\t\t\t\t\t\t\t<img fetchpriority=\"high\" decoding=\"async\" width=\"364\" height=\"364\" src=\"https:\/\/www.tecnoplagas21.es\/blog\/wp-content\/uploads\/2025\/05\/cucarachas-2.jpg\" class=\"attachment-large size-large wp-image-676\" alt=\"\" srcset=\"https:\/\/www.tecnoplagas21.es\/blog\/wp-content\/uploads\/2025\/05\/cucarachas-2.jpg 364w, https:\/\/www.tecnoplagas21.es\/blog\/wp-content\/uploads\/2025\/05\/cucarachas-2-300x300.jpg 300w, https:\/\/www.tecnoplagas21.es\/blog\/wp-content\/uploads\/2025\/05\/cucarachas-2-150x150.jpg 150w\" sizes=\"(max-width: 364px) 100vw, 364px\" \/>\t\t\t\t\t\t\t\t\t\t\t\t\t\t\t<\/div>\n\t\t\t\t<\/div>\n\t\t\t\t<div class=\"elementor-element elementor-element-dce596c elementor-widget elementor-widget-text-editor\" data-id=\"dce596c\" data-element_type=\"widget\" data-widget_type=\"text-editor.default\">\n\t\t\t\t<div class=\"elementor-widget-container\">\n\t\t\t\t\t\t\t\t\t<div class=\"large-5 columns\"><h5>Realizamos videos de inspecci\u00f3n.<\/h5><p>\u00a0<\/p><\/div><div class=\"large-7 columns\"><p>La hembra produce ootecas con 2 filas de huevos cada una. Las ninfas se asemejan al adulto en apariencia y comportamiento pero son m\u00e1s chicas, no tienen alas y un color diferente. Las ninfas reci\u00e9n mudadas generalmente son blancas pero oscurecen en pocas horas.<\/p><p>Con la \u00faltima muda se forman alas y los sexos son f\u00e1cilmente distinguibles.<\/p><p>Las alas de los adultos pueden ser largas y funcionales, cortas o no existir. Los adultos pueden o no volar dependiendo de las especies y de factores ambientales.<\/p><p>Los tiempos de huevo a adulto son variables incluso dentro de una misma especie, dependiendo de la temperatura, humedad, la calidad de la dieta y otras condiciones ambientales.<\/p><\/div>\t\t\t\t\t\t\t\t<\/div>\n\t\t\t\t<\/div>\n\t\t\t\t<div class=\"elementor-element elementor-element-717d676 elementor-widget elementor-widget-text-editor\" data-id=\"717d676\" data-element_type=\"widget\" data-widget_type=\"text-editor.default\">\n\t\t\t\t<div class=\"elementor-widget-container\">\n\t\t\t\t\t\t\t\t\t<div class=\"row\"><div class=\"large-8 columns\"><strong>\u00bfPor qu\u00e9 es tan exitosa la Blatella germ\u00e1nica?<\/strong><p>Como se menciona, la cucaracha germ\u00e1nica es la especie m\u00e1s com\u00fanmente encontrada de las plagas de viviendas y restaurantes. Es tambi\u00e9n mencionada como la m\u00e1s persistente y dif\u00edcil de controlar.<\/p><p>Las razones para esto son siempre complejas pero el conocimiento de los factores relacionados es b\u00e1sico para pr\u00e1ctica del manejo y control.<\/p><\/div><\/div><p>1) Tiene mayor n\u00famero de huevos por c\u00e1psula que cualquier otra especie que infesta estructuras.<\/p><p>2) Es la de m\u00e1s corto per\u00edodo de desarrollo desde la eclosi\u00f3n de los huevos hasta la madurez sexual. Por lo tanto, la poblaci\u00f3n de la cucaracha germ\u00e1nica se forma m\u00e1s r\u00e1pidamente que la de otras especies. Estos factores combinados producen lo que los entom\u00f3logos denominan \u201calto potencial reproductivo\u201d.<\/p><p>3) Las ninfas tienen m\u00e1s chance de sobrevivir que otras especies porque la hembra lleva la c\u00e1psula de huevos durante todo el desarrollo del embri\u00f3n y los huevos hasta la eclosi\u00f3n. Esto resulta en que las ninfas evitan muchos de los riesgos del medio ambiente que pueden ocurrir si los huevos permanecen aislados y desprotegidos. As\u00ed m\u00e1s ninfas est\u00e1n en condiciones de eclosionar y mayor es el potencial reproductivo.<\/p><p>4) Las ninfas de la cucaracha germ\u00e1nica son m\u00e1s peque\u00f1as que la mayor\u00eda de las otras especies. Ellas pueden esconderse en muchos lugares que son inaccesibles a individuos de otras especies. En efecto, en cocinas comerciales pueden haber literalmente, miles de hendijas o grietas en las que j\u00f3venes cucarachas pueden permanecer protegidas.<\/p>\t\t\t\t\t\t\t\t<\/div>\n\t\t\t\t<\/div>\n\t\t\t\t\t<\/div>\n\t\t\t\t<\/div>\n\t\t\t\t<\/div>\n\t\t","protected":false},"excerpt":{"rendered":"<p>Cucarachas Las cucarachas son activas por la noche cuando buscan alimento, agua y aparearse. Pueden ser vistas durante el d\u00eda [&hellip;]<\/p>\n","protected":false},"author":2,"featured_media":0,"parent":0,"menu_order":0,"comment_status":"closed","ping_status":"closed","template":"","meta":{"site-sidebar-layout":"no-sidebar","site-content-layout":"","ast-site-content-layout":"full-width-container","site-content-style":"default","site-sidebar-style":"default","ast-global-header-display":"","ast-banner-title-visibility":"","ast-main-header-display":"","ast-hfb-above-header-display":"","ast-hfb-below-header-display":"","ast-hfb-mobile-header-display":"","site-post-title":"disabled","ast-breadcrumbs-content":"","ast-featured-img":"disabled","footer-sml-layout":"","theme-transparent-header-meta":"","adv-header-id-meta":"","stick-header-meta":"","header-above-stick-meta":"","header-main-stick-meta":"","header-below-stick-meta":"","astra-migrate-meta-layouts":"default","ast-page-background-enabled":"default","ast-page-background-meta":{"desktop":{"background-color":"var(--ast-global-color-5)","background-image":"","background-repeat":"repeat","background-position":"center center","background-size":"auto","background-attachment":"scroll","background-type":"","background-media":"","overlay-type":"","overlay-color":"","overlay-opacity":"","overlay-gradient":""},"tablet":{"background-color":"","background-image":"","background-repeat":"repeat","background-position":"center center","background-size":"auto","background-attachment":"scroll","background-type":"","background-media":"","overlay-type":"","overlay-color":"","overlay-opacity":"","overlay-gradient":""},"mobile":{"background-color":"","background-image":"","background-repeat":"repeat","background-position":"center center","background-size":"auto","background-attachment":"scroll","background-type":"","background-media":"","overlay-type":"","overlay-color":"","overlay-opacity":"","overlay-gradient":""}},"ast-content-background-meta":{"desktop":{"background-color":"var(--ast-global-color-4)","background-image":"","background-repeat":"repeat","background-position":"center center","background-size":"auto","background-attachment":"scroll","background-type":"","background-media":"","overlay-type":"","overlay-color":"","overlay-opacity":"","overlay-gradient":""},"tablet":{"background-color":"var(--ast-global-color-4)","background-image":"","background-repeat":"repeat","background-position":"center center","background-size":"auto","background-attachment":"scroll","background-type":"","background-media":"","overlay-type":"","overlay-color":"","overlay-opacity":"","overlay-gradient":""},"mobile":{"background-color":"var(--ast-global-color-4)","background-image":"","background-repeat":"repeat","background-position":"center center","background-size":"auto","background-attachment":"scroll","background-type":"","background-media":"","overlay-type":"","overlay-color":"","overlay-opacity":"","overlay-gradient":""}},"footnotes":""},"class_list":["post-674","page","type-page","status-publish","hentry"],"yoast_head":"<!-- This site is optimized with the Yoast SEO plugin v26.1.1 - https:\/\/yoast.com\/wordpress\/plugins\/seo\/ -->\n<title>Cucarachas - Tecnoplagas XXI<\/title>\n<meta name=\"robots\" content=\"index, follow, max-snippet:-1, max-image-preview:large, max-video-preview:-1\" \/>\n<link rel=\"canonical\" href=\"https:\/\/www.tecnoplagas21.es\/blog\/elementor-pagina-674\/\" \/>\n<meta property=\"og:locale\" content=\"es_ES\" \/>\n<meta property=\"og:type\" content=\"article\" \/>\n<meta property=\"og:title\" content=\"Cucarachas - Tecnoplagas XXI\" \/>\n<meta property=\"og:description\" content=\"Cucarachas Las cucarachas son activas por la noche cuando buscan alimento, agua y aparearse. Pueden ser vistas durante el d\u00eda [&hellip;]\" \/>\n<meta property=\"og:url\" content=\"https:\/\/www.tecnoplagas21.es\/blog\/elementor-pagina-674\/\" \/>\n<meta property=\"og:site_name\" content=\"Tecnoplagas XXI\" \/>\n<meta property=\"article:modified_time\" content=\"2025-05-01T18:27:20+00:00\" \/>\n<meta property=\"og:image\" content=\"https:\/\/www.tecnoplagas21.es\/blog\/wp-content\/uploads\/2025\/05\/cucarachas-2.jpg\" \/>\n\t<meta property=\"og:image:width\" content=\"364\" \/>\n\t<meta property=\"og:image:height\" content=\"364\" \/>\n\t<meta property=\"og:image:type\" content=\"image\/jpeg\" \/>\n<meta name=\"twitter:card\" content=\"summary_large_image\" \/>\n<meta name=\"twitter:label1\" content=\"Tiempo de lectura\" \/>\n\t<meta name=\"twitter:data1\" content=\"3 minutos\" \/>\n<script type=\"application\/ld+json\" class=\"yoast-schema-graph\">{\"@context\":\"https:\/\/schema.org\",\"@graph\":[{\"@type\":\"WebPage\",\"@id\":\"https:\/\/www.tecnoplagas21.es\/blog\/elementor-pagina-674\/\",\"url\":\"https:\/\/www.tecnoplagas21.es\/blog\/elementor-pagina-674\/\",\"name\":\"Cucarachas - Tecnoplagas XXI\",\"isPartOf\":{\"@id\":\"https:\/\/www.tecnoplagas21.es\/blog\/#website\"},\"primaryImageOfPage\":{\"@id\":\"https:\/\/www.tecnoplagas21.es\/blog\/elementor-pagina-674\/#primaryimage\"},\"image\":{\"@id\":\"https:\/\/www.tecnoplagas21.es\/blog\/elementor-pagina-674\/#primaryimage\"},\"thumbnailUrl\":\"https:\/\/www.tecnoplagas21.es\/blog\/wp-content\/uploads\/2025\/05\/cucarachas-2.jpg\",\"datePublished\":\"2025-05-01T18:25:02+00:00\",\"dateModified\":\"2025-05-01T18:27:20+00:00\",\"breadcrumb\":{\"@id\":\"https:\/\/www.tecnoplagas21.es\/blog\/elementor-pagina-674\/#breadcrumb\"},\"inLanguage\":\"es\",\"potentialAction\":[{\"@type\":\"ReadAction\",\"target\":[\"https:\/\/www.tecnoplagas21.es\/blog\/elementor-pagina-674\/\"]}]},{\"@type\":\"ImageObject\",\"inLanguage\":\"es\",\"@id\":\"https:\/\/www.tecnoplagas21.es\/blog\/elementor-pagina-674\/#primaryimage\",\"url\":\"https:\/\/www.tecnoplagas21.es\/blog\/wp-content\/uploads\/2025\/05\/cucarachas-2.jpg\",\"contentUrl\":\"https:\/\/www.tecnoplagas21.es\/blog\/wp-content\/uploads\/2025\/05\/cucarachas-2.jpg\",\"width\":364,\"height\":364},{\"@type\":\"BreadcrumbList\",\"@id\":\"https:\/\/www.tecnoplagas21.es\/blog\/elementor-pagina-674\/#breadcrumb\",\"itemListElement\":[{\"@type\":\"ListItem\",\"position\":1,\"name\":\"Portada\",\"item\":\"https:\/\/www.tecnoplagas21.es\/blog\/\"},{\"@type\":\"ListItem\",\"position\":2,\"name\":\"Cucarachas\"}]},{\"@type\":\"WebSite\",\"@id\":\"https:\/\/www.tecnoplagas21.es\/blog\/#website\",\"url\":\"https:\/\/www.tecnoplagas21.es\/blog\/\",\"name\":\"Tecnoplagas XXI\",\"description\":\"Empresa de Control de Plagas\",\"publisher\":{\"@id\":\"https:\/\/www.tecnoplagas21.es\/blog\/#organization\"},\"potentialAction\":[{\"@type\":\"SearchAction\",\"target\":{\"@type\":\"EntryPoint\",\"urlTemplate\":\"https:\/\/www.tecnoplagas21.es\/blog\/?s={search_term_string}\"},\"query-input\":{\"@type\":\"PropertyValueSpecification\",\"valueRequired\":true,\"valueName\":\"search_term_string\"}}],\"inLanguage\":\"es\"},{\"@type\":\"Organization\",\"@id\":\"https:\/\/www.tecnoplagas21.es\/blog\/#organization\",\"name\":\"Tecnoplagas XXI\",\"url\":\"https:\/\/www.tecnoplagas21.es\/blog\/\",\"logo\":{\"@type\":\"ImageObject\",\"inLanguage\":\"es\",\"@id\":\"https:\/\/www.tecnoplagas21.es\/blog\/#\/schema\/logo\/image\/\",\"url\":\"https:\/\/www.tecnoplagas21.es\/blog\/wp-content\/uploads\/2025\/04\/tecnoplagas-LOGO.png\",\"contentUrl\":\"https:\/\/www.tecnoplagas21.es\/blog\/wp-content\/uploads\/2025\/04\/tecnoplagas-LOGO.png\",\"width\":637,\"height\":157,\"caption\":\"Tecnoplagas XXI\"},\"image\":{\"@id\":\"https:\/\/www.tecnoplagas21.es\/blog\/#\/schema\/logo\/image\/\"}}]}<\/script>\n<!-- \/ Yoast SEO plugin. -->","yoast_head_json":{"title":"Cucarachas - Tecnoplagas XXI","robots":{"index":"index","follow":"follow","max-snippet":"max-snippet:-1","max-image-preview":"max-image-preview:large","max-video-preview":"max-video-preview:-1"},"canonical":"https:\/\/www.tecnoplagas21.es\/blog\/elementor-pagina-674\/","og_locale":"es_ES","og_type":"article","og_title":"Cucarachas - Tecnoplagas XXI","og_description":"Cucarachas Las cucarachas son activas por la noche cuando buscan alimento, agua y aparearse. Pueden ser vistas durante el d\u00eda [&hellip;]","og_url":"https:\/\/www.tecnoplagas21.es\/blog\/elementor-pagina-674\/","og_site_name":"Tecnoplagas XXI","article_modified_time":"2025-05-01T18:27:20+00:00","og_image":[{"width":364,"height":364,"url":"https:\/\/www.tecnoplagas21.es\/blog\/wp-content\/uploads\/2025\/05\/cucarachas-2.jpg","type":"image\/jpeg"}],"twitter_card":"summary_large_image","twitter_misc":{"Tiempo de lectura":"3 minutos"},"schema":{"@context":"https:\/\/schema.org","@graph":[{"@type":"WebPage","@id":"https:\/\/www.tecnoplagas21.es\/blog\/elementor-pagina-674\/","url":"https:\/\/www.tecnoplagas21.es\/blog\/elementor-pagina-674\/","name":"Cucarachas - Tecnoplagas XXI","isPartOf":{"@id":"https:\/\/www.tecnoplagas21.es\/blog\/#website"},"primaryImageOfPage":{"@id":"https:\/\/www.tecnoplagas21.es\/blog\/elementor-pagina-674\/#primaryimage"},"image":{"@id":"https:\/\/www.tecnoplagas21.es\/blog\/elementor-pagina-674\/#primaryimage"},"thumbnailUrl":"https:\/\/www.tecnoplagas21.es\/blog\/wp-content\/uploads\/2025\/05\/cucarachas-2.jpg","datePublished":"2025-05-01T18:25:02+00:00","dateModified":"2025-05-01T18:27:20+00:00","breadcrumb":{"@id":"https:\/\/www.tecnoplagas21.es\/blog\/elementor-pagina-674\/#breadcrumb"},"inLanguage":"es","potentialAction":[{"@type":"ReadAction","target":["https:\/\/www.tecnoplagas21.es\/blog\/elementor-pagina-674\/"]}]},{"@type":"ImageObject","inLanguage":"es","@id":"https:\/\/www.tecnoplagas21.es\/blog\/elementor-pagina-674\/#primaryimage","url":"https:\/\/www.tecnoplagas21.es\/blog\/wp-content\/uploads\/2025\/05\/cucarachas-2.jpg","contentUrl":"https:\/\/www.tecnoplagas21.es\/blog\/wp-content\/uploads\/2025\/05\/cucarachas-2.jpg","width":364,"height":364},{"@type":"BreadcrumbList","@id":"https:\/\/www.tecnoplagas21.es\/blog\/elementor-pagina-674\/#breadcrumb","itemListElement":[{"@type":"ListItem","position":1,"name":"Portada","item":"https:\/\/www.tecnoplagas21.es\/blog\/"},{"@type":"ListItem","position":2,"name":"Cucarachas"}]},{"@type":"WebSite","@id":"https:\/\/www.tecnoplagas21.es\/blog\/#website","url":"https:\/\/www.tecnoplagas21.es\/blog\/","name":"Tecnoplagas XXI","description":"Empresa de Control de Plagas","publisher":{"@id":"https:\/\/www.tecnoplagas21.es\/blog\/#organization"},"potentialAction":[{"@type":"SearchAction","target":{"@type":"EntryPoint","urlTemplate":"https:\/\/www.tecnoplagas21.es\/blog\/?s={search_term_string}"},"query-input":{"@type":"PropertyValueSpecification","valueRequired":true,"valueName":"search_term_string"}}],"inLanguage":"es"},{"@type":"Organization","@id":"https:\/\/www.tecnoplagas21.es\/blog\/#organization","name":"Tecnoplagas XXI","url":"https:\/\/www.tecnoplagas21.es\/blog\/","logo":{"@type":"ImageObject","inLanguage":"es","@id":"https:\/\/www.tecnoplagas21.es\/blog\/#\/schema\/logo\/image\/","url":"https:\/\/www.tecnoplagas21.es\/blog\/wp-content\/uploads\/2025\/04\/tecnoplagas-LOGO.png","contentUrl":"https:\/\/www.tecnoplagas21.es\/blog\/wp-content\/uploads\/2025\/04\/tecnoplagas-LOGO.png","width":637,"height":157,"caption":"Tecnoplagas XXI"},"image":{"@id":"https:\/\/www.tecnoplagas21.es\/blog\/#\/schema\/logo\/image\/"}}]}},"_links":{"self":[{"href":"https:\/\/www.tecnoplagas21.es\/blog\/wp-json\/wp\/v2\/pages\/674","targetHints":{"allow":["GET"]}}],"collection":[{"href":"https:\/\/www.tecnoplagas21.es\/blog\/wp-json\/wp\/v2\/pages"}],"about":[{"href":"https:\/\/www.tecnoplagas21.es\/blog\/wp-json\/wp\/v2\/types\/page"}],"author":[{"embeddable":true,"href":"https:\/\/www.tecnoplagas21.es\/blog\/wp-json\/wp\/v2\/users\/2"}],"replies":[{"embeddable":true,"href":"https:\/\/www.tecnoplagas21.es\/blog\/wp-json\/wp\/v2\/comments?post=674"}],"version-history":[{"count":7,"href":"https:\/\/www.tecnoplagas21.es\/blog\/wp-json\/wp\/v2\/pages\/674\/revisions"}],"predecessor-version":[{"id":682,"href":"https:\/\/www.tecnoplagas21.es\/blog\/wp-json\/wp\/v2\/pages\/674\/revisions\/682"}],"wp:attachment":[{"href":"https:\/\/www.tecnoplagas21.es\/blog\/wp-json\/wp\/v2\/media?parent=674"}],"curies":[{"name":"wp","href":"https:\/\/api.w.org\/{rel}","templated":true}]}}