{"id":683,"date":"2025-05-01T20:28:03","date_gmt":"2025-05-01T18:28:03","guid":{"rendered":"https:\/\/www.tecnoplagas21.es\/blog\/?page_id=683"},"modified":"2025-05-01T20:30:23","modified_gmt":"2025-05-01T18:30:23","slug":"hormigas","status":"publish","type":"page","link":"https:\/\/www.tecnoplagas21.es\/blog\/hormigas\/","title":{"rendered":"Hormigas"},"content":{"rendered":"\t\t<div data-elementor-type=\"wp-page\" data-elementor-id=\"683\" class=\"elementor elementor-683\" data-elementor-post-type=\"page\">\n\t\t\t\t<div class=\"elementor-element elementor-element-19ea9ac e-flex e-con-boxed e-con e-parent\" data-id=\"19ea9ac\" data-element_type=\"container\">\n\t\t\t\t\t<div class=\"e-con-inner\">\n\t\t\t\t<div class=\"elementor-element elementor-element-42597b9 elementor-widget elementor-widget-image\" data-id=\"42597b9\" data-element_type=\"widget\" data-widget_type=\"image.default\">\n\t\t\t\t<div class=\"elementor-widget-container\">\n\t\t\t\t\t\t\t\t\t\t\t\t\t\t\t<img fetchpriority=\"high\" decoding=\"async\" width=\"299\" height=\"168\" src=\"https:\/\/www.tecnoplagas21.es\/blog\/wp-content\/uploads\/2025\/05\/hormigas1.jpg\" class=\"attachment-large size-large wp-image-688\" alt=\"\" \/>\t\t\t\t\t\t\t\t\t\t\t\t\t\t\t<\/div>\n\t\t\t\t<\/div>\n\t\t\t\t<div class=\"elementor-element elementor-element-2a379da elementor-widget elementor-widget-image\" data-id=\"2a379da\" data-element_type=\"widget\" data-widget_type=\"image.default\">\n\t\t\t\t<div class=\"elementor-widget-container\">\n\t\t\t\t\t\t\t\t\t\t\t\t\t\t\t<img decoding=\"async\" width=\"275\" height=\"183\" src=\"https:\/\/www.tecnoplagas21.es\/blog\/wp-content\/uploads\/2025\/05\/hormigas2.jpg\" class=\"attachment-large size-large wp-image-687\" alt=\"\" \/>\t\t\t\t\t\t\t\t\t\t\t\t\t\t\t<\/div>\n\t\t\t\t<\/div>\n\t\t\t\t<div class=\"elementor-element elementor-element-c28970c elementor-widget elementor-widget-image\" data-id=\"c28970c\" data-element_type=\"widget\" data-widget_type=\"image.default\">\n\t\t\t\t<div class=\"elementor-widget-container\">\n\t\t\t\t\t\t\t\t\t\t\t\t\t\t\t<img decoding=\"async\" width=\"300\" height=\"168\" src=\"https:\/\/www.tecnoplagas21.es\/blog\/wp-content\/uploads\/2025\/05\/hormigas3.jpg\" class=\"attachment-large size-large wp-image-686\" alt=\"\" \/>\t\t\t\t\t\t\t\t\t\t\t\t\t\t\t<\/div>\n\t\t\t\t<\/div>\n\t\t\t\t<div class=\"elementor-element elementor-element-58157d0 elementor-widget elementor-widget-image\" data-id=\"58157d0\" data-element_type=\"widget\" data-widget_type=\"image.default\">\n\t\t\t\t<div class=\"elementor-widget-container\">\n\t\t\t\t\t\t\t\t\t\t\t\t\t\t\t<img loading=\"lazy\" decoding=\"async\" width=\"276\" height=\"183\" src=\"https:\/\/www.tecnoplagas21.es\/blog\/wp-content\/uploads\/2025\/05\/hormigas5.jpg\" class=\"attachment-large size-large wp-image-685\" alt=\"\" \/>\t\t\t\t\t\t\t\t\t\t\t\t\t\t\t<\/div>\n\t\t\t\t<\/div>\n\t\t\t\t\t<\/div>\n\t\t\t\t<\/div>\n\t\t<div class=\"elementor-element elementor-element-97f7ca4 e-flex e-con-boxed e-con e-parent\" data-id=\"97f7ca4\" data-element_type=\"container\">\n\t\t\t\t\t<div class=\"e-con-inner\">\n\t\t\t\t<div class=\"elementor-element elementor-element-ca12ce5 elementor-widget elementor-widget-heading\" data-id=\"ca12ce5\" data-element_type=\"widget\" data-widget_type=\"heading.default\">\n\t\t\t\t<div class=\"elementor-widget-container\">\n\t\t\t\t\t<h5 class=\"elementor-heading-title elementor-size-default\">Hormigas<\/h5>\t\t\t\t<\/div>\n\t\t\t\t<\/div>\n\t\t\t\t<div class=\"elementor-element elementor-element-f6a08db elementor-widget elementor-widget-text-editor\" data-id=\"f6a08db\" data-element_type=\"widget\" data-widget_type=\"text-editor.default\">\n\t\t\t\t<div class=\"elementor-widget-container\">\n\t\t\t\t\t\t\t\t\t<p>Las hormigas son insectos sociales y viven en colonias. Construyen estructuras llamadas nidos los cuales requieren mucho esfuerzo por parte de las obreras para mantenerlos. Estos nidos, seg\u00fan las especies, estar\u00e1n en la tierra, huecos en \u00e1rboles y en madera a presencia de muchos de estos peque\u00f1os insectos en una vivienda o en industria alimentaria, puede provocar perdida de alimentos y mala imagen. TECNOPLAGAS XXI realiza tratamientos en interiores y exteriores mediante geles y lacas insecticidas profesionales de \u00faltima generaci\u00f3n sin olores, sin desalojar las instancias tratadas. Tratamientos garantizados.<\/p><p>Normalmente los nidos de las hormigas se encuentran por lo general afuera, es preferible un tratamiento exterior, con lo cual ser\u00eda innecesaria la aplicaci\u00f3n de productos en el interior del edificio, aunque en algunos casos si debe hacerse de forma muy localizada.<\/p><p>En el exterior del edificio se har\u00e1 \u00fanicamente se aplicar\u00e1 el insecticida en las \u00e1reas inmediatamente circundantes y con un insecticida de actividad residual en las entradas del hormiguero (situadas entre las baldosas, etc.) as\u00ed como en los sitios por los cuales las hormigas se introducen en el edificio.<\/p><p>En el interior realizaremos el tratamiento a trav\u00e9s de la aplicaci\u00f3n de un cebo gel insecticida de uso profesional en la zona infestada; para atraer la presencia de las hormigas. Las obreras descubren las fuentes de alimento y se lo llevan al nido para las reinas y las larvas, de esta manera se extermina a toda la poblaci\u00f3n de hormigas en pocas semanas.<\/p>\t\t\t\t\t\t\t\t<\/div>\n\t\t\t\t<\/div>\n\t\t\t\t<div class=\"elementor-element elementor-element-868a3e5 elementor-widget elementor-widget-heading\" data-id=\"868a3e5\" data-element_type=\"widget\" data-widget_type=\"heading.default\">\n\t\t\t\t<div class=\"elementor-widget-container\">\n\t\t\t\t\t<h5 class=\"elementor-heading-title elementor-size-default\">DA\u00d1OS QUE PRODUCEN Y ENFERMEDADES QUE TRASMITEN<\/h5>\t\t\t\t<\/div>\n\t\t\t\t<\/div>\n\t\t\t\t<div class=\"elementor-element elementor-element-d43a2a2 elementor-widget elementor-widget-text-editor\" data-id=\"d43a2a2\" data-element_type=\"widget\" data-widget_type=\"text-editor.default\">\n\t\t\t\t<div class=\"elementor-widget-container\">\n\t\t\t\t\t\t\t\t\t<p>Pueden infestar alimentos y contaminar zonas que deban tener una limpieza y esterilizaci\u00f3n \u00f3ptima como cl\u00ednicas, hospitales y quir\u00f3fanos, as\u00ed como invadir zonas de determinada sensibilidad de cara al p\u00fablico. La presencia de muchos de estos peque\u00f1os insectos en una vivienda o en industria alimentaria, puede provocar perdida de alimentos y mala imagen.<\/p>\t\t\t\t\t\t\t\t<\/div>\n\t\t\t\t<\/div>\n\t\t\t\t\t<\/div>\n\t\t\t\t<\/div>\n\t\t\t\t<\/div>\n\t\t","protected":false},"excerpt":{"rendered":"<p>Hormigas Las hormigas son insectos sociales y viven en colonias. Construyen estructuras llamadas nidos los cuales requieren mucho esfuerzo por [&hellip;]<\/p>\n","protected":false},"author":2,"featured_media":0,"parent":0,"menu_order":0,"comment_status":"closed","ping_status":"closed","template":"","meta":{"site-sidebar-layout":"no-sidebar","site-content-layout":"","ast-site-content-layout":"full-width-container","site-content-style":"default","site-sidebar-style":"default","ast-global-header-display":"","ast-banner-title-visibility":"","ast-main-header-display":"","ast-hfb-above-header-display":"","ast-hfb-below-header-display":"","ast-hfb-mobile-header-display":"","site-post-title":"disabled","ast-breadcrumbs-content":"","ast-featured-img":"disabled","footer-sml-layout":"","theme-transparent-header-meta":"","adv-header-id-meta":"","stick-header-meta":"","header-above-stick-meta":"","header-main-stick-meta":"","header-below-stick-meta":"","astra-migrate-meta-layouts":"default","ast-page-background-enabled":"default","ast-page-background-meta":{"desktop":{"background-color":"var(--ast-global-color-5)","background-image":"","background-repeat":"repeat","background-position":"center center","background-size":"auto","background-attachment":"scroll","background-type":"","background-media":"","overlay-type":"","overlay-color":"","overlay-opacity":"","overlay-gradient":""},"tablet":{"background-color":"","background-image":"","background-repeat":"repeat","background-position":"center center","background-size":"auto","background-attachment":"scroll","background-type":"","background-media":"","overlay-type":"","overlay-color":"","overlay-opacity":"","overlay-gradient":""},"mobile":{"background-color":"","background-image":"","background-repeat":"repeat","background-position":"center center","background-size":"auto","background-attachment":"scroll","background-type":"","background-media":"","overlay-type":"","overlay-color":"","overlay-opacity":"","overlay-gradient":""}},"ast-content-background-meta":{"desktop":{"background-color":"var(--ast-global-color-4)","background-image":"","background-repeat":"repeat","background-position":"center center","background-size":"auto","background-attachment":"scroll","background-type":"","background-media":"","overlay-type":"","overlay-color":"","overlay-opacity":"","overlay-gradient":""},"tablet":{"background-color":"var(--ast-global-color-4)","background-image":"","background-repeat":"repeat","background-position":"center center","background-size":"auto","background-attachment":"scroll","background-type":"","background-media":"","overlay-type":"","overlay-color":"","overlay-opacity":"","overlay-gradient":""},"mobile":{"background-color":"var(--ast-global-color-4)","background-image":"","background-repeat":"repeat","background-position":"center center","background-size":"auto","background-attachment":"scroll","background-type":"","background-media":"","overlay-type":"","overlay-color":"","overlay-opacity":"","overlay-gradient":""}},"footnotes":""},"class_list":["post-683","page","type-page","status-publish","hentry"],"yoast_head":"<!-- This site is optimized with the Yoast SEO plugin v26.1.1 - https:\/\/yoast.com\/wordpress\/plugins\/seo\/ -->\n<title>Hormigas - Tecnoplagas XXI<\/title>\n<meta name=\"robots\" content=\"index, follow, max-snippet:-1, max-image-preview:large, max-video-preview:-1\" \/>\n<link rel=\"canonical\" href=\"https:\/\/www.tecnoplagas21.es\/blog\/hormigas\/\" \/>\n<meta property=\"og:locale\" content=\"es_ES\" \/>\n<meta property=\"og:type\" content=\"article\" \/>\n<meta property=\"og:title\" content=\"Hormigas - Tecnoplagas XXI\" \/>\n<meta property=\"og:description\" content=\"Hormigas Las hormigas son insectos sociales y viven en colonias. Construyen estructuras llamadas nidos los cuales requieren mucho esfuerzo por [&hellip;]\" \/>\n<meta property=\"og:url\" content=\"https:\/\/www.tecnoplagas21.es\/blog\/hormigas\/\" \/>\n<meta property=\"og:site_name\" content=\"Tecnoplagas XXI\" \/>\n<meta property=\"article:modified_time\" content=\"2025-05-01T18:30:23+00:00\" \/>\n<meta property=\"og:image\" content=\"https:\/\/www.tecnoplagas21.es\/blog\/wp-content\/uploads\/2025\/05\/hormigas1.jpg\" \/>\n\t<meta property=\"og:image:width\" content=\"299\" \/>\n\t<meta property=\"og:image:height\" content=\"168\" \/>\n\t<meta property=\"og:image:type\" content=\"image\/jpeg\" \/>\n<meta name=\"twitter:card\" content=\"summary_large_image\" \/>\n<meta name=\"twitter:label1\" content=\"Tiempo de lectura\" \/>\n\t<meta name=\"twitter:data1\" content=\"2 minutos\" \/>\n<script type=\"application\/ld+json\" class=\"yoast-schema-graph\">{\"@context\":\"https:\/\/schema.org\",\"@graph\":[{\"@type\":\"WebPage\",\"@id\":\"https:\/\/www.tecnoplagas21.es\/blog\/hormigas\/\",\"url\":\"https:\/\/www.tecnoplagas21.es\/blog\/hormigas\/\",\"name\":\"Hormigas - Tecnoplagas XXI\",\"isPartOf\":{\"@id\":\"https:\/\/www.tecnoplagas21.es\/blog\/#website\"},\"primaryImageOfPage\":{\"@id\":\"https:\/\/www.tecnoplagas21.es\/blog\/hormigas\/#primaryimage\"},\"image\":{\"@id\":\"https:\/\/www.tecnoplagas21.es\/blog\/hormigas\/#primaryimage\"},\"thumbnailUrl\":\"https:\/\/www.tecnoplagas21.es\/blog\/wp-content\/uploads\/2025\/05\/hormigas1.jpg\",\"datePublished\":\"2025-05-01T18:28:03+00:00\",\"dateModified\":\"2025-05-01T18:30:23+00:00\",\"breadcrumb\":{\"@id\":\"https:\/\/www.tecnoplagas21.es\/blog\/hormigas\/#breadcrumb\"},\"inLanguage\":\"es\",\"potentialAction\":[{\"@type\":\"ReadAction\",\"target\":[\"https:\/\/www.tecnoplagas21.es\/blog\/hormigas\/\"]}]},{\"@type\":\"ImageObject\",\"inLanguage\":\"es\",\"@id\":\"https:\/\/www.tecnoplagas21.es\/blog\/hormigas\/#primaryimage\",\"url\":\"https:\/\/www.tecnoplagas21.es\/blog\/wp-content\/uploads\/2025\/05\/hormigas1.jpg\",\"contentUrl\":\"https:\/\/www.tecnoplagas21.es\/blog\/wp-content\/uploads\/2025\/05\/hormigas1.jpg\",\"width\":299,\"height\":168},{\"@type\":\"BreadcrumbList\",\"@id\":\"https:\/\/www.tecnoplagas21.es\/blog\/hormigas\/#breadcrumb\",\"itemListElement\":[{\"@type\":\"ListItem\",\"position\":1,\"name\":\"Portada\",\"item\":\"https:\/\/www.tecnoplagas21.es\/blog\/\"},{\"@type\":\"ListItem\",\"position\":2,\"name\":\"Hormigas\"}]},{\"@type\":\"WebSite\",\"@id\":\"https:\/\/www.tecnoplagas21.es\/blog\/#website\",\"url\":\"https:\/\/www.tecnoplagas21.es\/blog\/\",\"name\":\"Tecnoplagas XXI\",\"description\":\"Empresa de Control de Plagas\",\"publisher\":{\"@id\":\"https:\/\/www.tecnoplagas21.es\/blog\/#organization\"},\"potentialAction\":[{\"@type\":\"SearchAction\",\"target\":{\"@type\":\"EntryPoint\",\"urlTemplate\":\"https:\/\/www.tecnoplagas21.es\/blog\/?s={search_term_string}\"},\"query-input\":{\"@type\":\"PropertyValueSpecification\",\"valueRequired\":true,\"valueName\":\"search_term_string\"}}],\"inLanguage\":\"es\"},{\"@type\":\"Organization\",\"@id\":\"https:\/\/www.tecnoplagas21.es\/blog\/#organization\",\"name\":\"Tecnoplagas XXI\",\"url\":\"https:\/\/www.tecnoplagas21.es\/blog\/\",\"logo\":{\"@type\":\"ImageObject\",\"inLanguage\":\"es\",\"@id\":\"https:\/\/www.tecnoplagas21.es\/blog\/#\/schema\/logo\/image\/\",\"url\":\"https:\/\/www.tecnoplagas21.es\/blog\/wp-content\/uploads\/2025\/04\/tecnoplagas-LOGO.png\",\"contentUrl\":\"https:\/\/www.tecnoplagas21.es\/blog\/wp-content\/uploads\/2025\/04\/tecnoplagas-LOGO.png\",\"width\":637,\"height\":157,\"caption\":\"Tecnoplagas XXI\"},\"image\":{\"@id\":\"https:\/\/www.tecnoplagas21.es\/blog\/#\/schema\/logo\/image\/\"}}]}<\/script>\n<!-- \/ Yoast SEO plugin. -->","yoast_head_json":{"title":"Hormigas - Tecnoplagas XXI","robots":{"index":"index","follow":"follow","max-snippet":"max-snippet:-1","max-image-preview":"max-image-preview:large","max-video-preview":"max-video-preview:-1"},"canonical":"https:\/\/www.tecnoplagas21.es\/blog\/hormigas\/","og_locale":"es_ES","og_type":"article","og_title":"Hormigas - Tecnoplagas XXI","og_description":"Hormigas Las hormigas son insectos sociales y viven en colonias. Construyen estructuras llamadas nidos los cuales requieren mucho esfuerzo por [&hellip;]","og_url":"https:\/\/www.tecnoplagas21.es\/blog\/hormigas\/","og_site_name":"Tecnoplagas XXI","article_modified_time":"2025-05-01T18:30:23+00:00","og_image":[{"width":299,"height":168,"url":"https:\/\/www.tecnoplagas21.es\/blog\/wp-content\/uploads\/2025\/05\/hormigas1.jpg","type":"image\/jpeg"}],"twitter_card":"summary_large_image","twitter_misc":{"Tiempo de lectura":"2 minutos"},"schema":{"@context":"https:\/\/schema.org","@graph":[{"@type":"WebPage","@id":"https:\/\/www.tecnoplagas21.es\/blog\/hormigas\/","url":"https:\/\/www.tecnoplagas21.es\/blog\/hormigas\/","name":"Hormigas - Tecnoplagas XXI","isPartOf":{"@id":"https:\/\/www.tecnoplagas21.es\/blog\/#website"},"primaryImageOfPage":{"@id":"https:\/\/www.tecnoplagas21.es\/blog\/hormigas\/#primaryimage"},"image":{"@id":"https:\/\/www.tecnoplagas21.es\/blog\/hormigas\/#primaryimage"},"thumbnailUrl":"https:\/\/www.tecnoplagas21.es\/blog\/wp-content\/uploads\/2025\/05\/hormigas1.jpg","datePublished":"2025-05-01T18:28:03+00:00","dateModified":"2025-05-01T18:30:23+00:00","breadcrumb":{"@id":"https:\/\/www.tecnoplagas21.es\/blog\/hormigas\/#breadcrumb"},"inLanguage":"es","potentialAction":[{"@type":"ReadAction","target":["https:\/\/www.tecnoplagas21.es\/blog\/hormigas\/"]}]},{"@type":"ImageObject","inLanguage":"es","@id":"https:\/\/www.tecnoplagas21.es\/blog\/hormigas\/#primaryimage","url":"https:\/\/www.tecnoplagas21.es\/blog\/wp-content\/uploads\/2025\/05\/hormigas1.jpg","contentUrl":"https:\/\/www.tecnoplagas21.es\/blog\/wp-content\/uploads\/2025\/05\/hormigas1.jpg","width":299,"height":168},{"@type":"BreadcrumbList","@id":"https:\/\/www.tecnoplagas21.es\/blog\/hormigas\/#breadcrumb","itemListElement":[{"@type":"ListItem","position":1,"name":"Portada","item":"https:\/\/www.tecnoplagas21.es\/blog\/"},{"@type":"ListItem","position":2,"name":"Hormigas"}]},{"@type":"WebSite","@id":"https:\/\/www.tecnoplagas21.es\/blog\/#website","url":"https:\/\/www.tecnoplagas21.es\/blog\/","name":"Tecnoplagas XXI","description":"Empresa de Control de Plagas","publisher":{"@id":"https:\/\/www.tecnoplagas21.es\/blog\/#organization"},"potentialAction":[{"@type":"SearchAction","target":{"@type":"EntryPoint","urlTemplate":"https:\/\/www.tecnoplagas21.es\/blog\/?s={search_term_string}"},"query-input":{"@type":"PropertyValueSpecification","valueRequired":true,"valueName":"search_term_string"}}],"inLanguage":"es"},{"@type":"Organization","@id":"https:\/\/www.tecnoplagas21.es\/blog\/#organization","name":"Tecnoplagas XXI","url":"https:\/\/www.tecnoplagas21.es\/blog\/","logo":{"@type":"ImageObject","inLanguage":"es","@id":"https:\/\/www.tecnoplagas21.es\/blog\/#\/schema\/logo\/image\/","url":"https:\/\/www.tecnoplagas21.es\/blog\/wp-content\/uploads\/2025\/04\/tecnoplagas-LOGO.png","contentUrl":"https:\/\/www.tecnoplagas21.es\/blog\/wp-content\/uploads\/2025\/04\/tecnoplagas-LOGO.png","width":637,"height":157,"caption":"Tecnoplagas XXI"},"image":{"@id":"https:\/\/www.tecnoplagas21.es\/blog\/#\/schema\/logo\/image\/"}}]}},"_links":{"self":[{"href":"https:\/\/www.tecnoplagas21.es\/blog\/wp-json\/wp\/v2\/pages\/683","targetHints":{"allow":["GET"]}}],"collection":[{"href":"https:\/\/www.tecnoplagas21.es\/blog\/wp-json\/wp\/v2\/pages"}],"about":[{"href":"https:\/\/www.tecnoplagas21.es\/blog\/wp-json\/wp\/v2\/types\/page"}],"author":[{"embeddable":true,"href":"https:\/\/www.tecnoplagas21.es\/blog\/wp-json\/wp\/v2\/users\/2"}],"replies":[{"embeddable":true,"href":"https:\/\/www.tecnoplagas21.es\/blog\/wp-json\/wp\/v2\/comments?post=683"}],"version-history":[{"count":4,"href":"https:\/\/www.tecnoplagas21.es\/blog\/wp-json\/wp\/v2\/pages\/683\/revisions"}],"predecessor-version":[{"id":691,"href":"https:\/\/www.tecnoplagas21.es\/blog\/wp-json\/wp\/v2\/pages\/683\/revisions\/691"}],"wp:attachment":[{"href":"https:\/\/www.tecnoplagas21.es\/blog\/wp-json\/wp\/v2\/media?parent=683"}],"curies":[{"name":"wp","href":"https:\/\/api.w.org\/{rel}","templated":true}]}}